{"id":1541,"date":"2022-10-15T23:44:10","date_gmt":"2022-10-15T21:44:10","guid":{"rendered":"https:\/\/www.christophevermare.com\/test_wordpress\/?post_type=product&#038;p=1541"},"modified":"2026-03-19T23:48:08","modified_gmt":"2026-03-19T22:48:08","slug":"offre-duo-2-livres","status":"publish","type":"product","link":"https:\/\/christophevermare.com\/eshop\/en\/product\/offre-duo-2-livres\/","title":{"rendered":"DUO Offer - 2 books"},"content":{"rendered":"<p><em><strong>Distance(s)<\/strong><\/em><\/p>\n<ul>\n<li>\u00ab\u00a0Beau Livre broch\u00e9\u00a0\u00bb (avec jaquette imprim\u00e9e)<\/li>\n<li>Lithographie 4 couleurs<\/li>\n<li>168 pages\u00a0(144 photos)<\/li>\n<li>29.5 cm x 22.5 cm x 2.3 cm (1.4 kg)<\/li>\n<li><strong>3 languages<\/strong>\u00a0(French, English and Japanese)<\/li>\n<li>Papier d&rsquo;Art \u00ab\u00a0Stora Enso\u00a0\u00bb &#8211;\u00a0200gr\/m2<\/li>\n<li>Stochastic raster<\/li>\n<li>Varnish on each photograph<\/li>\n<li>ISBN: 978-4-905008-00-2<\/li>\n<\/ul>\n<p><strong><em>Her tickling hair in my eyes<\/em><\/strong><\/p>\n<ul>\n<li>\u00ab\u00a0Beau Livre broch\u00e9\u00a0\u00bb (avec jaquette imprim\u00e9e)<\/li>\n<li><strong>Impression\u00a0Bi-Chromie<\/strong><\/li>\n<li>160 pages\u00a0(121 photos)<\/li>\n<li>30 cm x 22 cm<\/li>\n<li>Stochastic raster<\/li>\n<li>Imprimer en France\u00a0(par\u00a0Escourbiac\u00a0Imprimerie)<\/li>\n<li>ISBN: 978-4-905008-01-9<\/li>\n<\/ul>","protected":false},"excerpt":{"rendered":"<p><span style=\"color: #ff6600;\"><strong>MAJOR SALE!<\/strong><\/span><br \/>\n<em>Moving overseas soon, I need to free some space. My two coffee table books are proposed <strong><span style=\"color: #ff6600;\">cost prices !<\/span><\/strong><\/em><\/p>\n<p>Les deux monographies de Christophe Vermare, publi\u00e9es en 2010 et 2016.<\/p>\n<ul>\n<li><em><strong>Distance(s)<\/strong><\/em><\/li>\n<\/ul>\n<p><em>le recul r\u00e9v\u00e9lateur d\u2019un ensemble de distances, comme dans un espace \u00e0 multiples dimensions&#8230;<\/em><\/p>\n<p>pr\u00e9face par le collectionneur\u00a0<i>Don Sanders.<\/i><\/p>\n<ul>\n<li><strong><em>Her tickling hair in my eyes<\/em><\/strong><\/li>\n<\/ul>\n<p>Livre intimiste sur 25 ann\u00e9es de photographie et de passion.<\/p>\n<p>Sign\u00e9s par l&rsquo;auteur.<\/p>","protected":false},"featured_media":371,"comment_status":"open","ping_status":"closed","template":"","meta":{"om_disable_all_campaigns":false,"neve_meta_sidebar":"","neve_meta_container":"","neve_meta_enable_content_width":"off","neve_meta_content_width":100,"neve_meta_title_alignment":"","neve_meta_author_avatar":"","neve_post_elements_order":"","neve_meta_disable_header":"","neve_meta_disable_footer":"","neve_meta_disable_title":"","_themeisle_gutenberg_block_has_review":false,"jetpack_post_was_ever_published":false,"jetpack_publicize_message":"","jetpack_publicize_feature_enabled":true,"jetpack_social_post_already_shared":false,"jetpack_social_options":{"image_generator_settings":{"template":"highway","default_image_id":0,"font":"","enabled":false},"version":2}},"product_brand":[],"product_cat":[33],"product_tag":[],"class_list":{"0":"post-1541","1":"product","2":"type-product","3":"status-publish","4":"has-post-thumbnail","6":"product_cat-livres","7":"product_shipping_class-livraison-livre","9":"first","10":"instock","11":"sale","12":"shipping-taxable","13":"purchasable","14":"product-type-simple"},"yoast_head":"<!-- This site is optimized with the Yoast SEO plugin v27.5 - https:\/\/yoast.com\/product\/yoast-seo-wordpress\/ -->\n<title>Offre DUO - 2 livres - Christophe VERMARE<\/title>\n<meta name=\"robots\" content=\"index, follow, max-snippet:-1, max-image-preview:large, max-video-preview:-1\" \/>\n<link rel=\"canonical\" href=\"https:\/\/christophevermare.com\/eshop\/en\/product\/offre-duo-2-livres\/\" \/>\n<meta property=\"og:locale\" content=\"en_US\" \/>\n<meta property=\"og:type\" content=\"article\" \/>\n<meta property=\"og:title\" content=\"Offre DUO - 2 livres - Christophe VERMARE\" \/>\n<meta property=\"og:description\" content=\"PROMOTION MAJEURE! En vue d&#039;une expatriation d\u00e9but 2026, j&#039;ai besoin de faire de la place. Alors voici les derniers exemplaires de mes livres \u00e0 prix coutant !  Les deux monographies de Christophe Vermare, publi\u00e9es en 2010 et 2016.   Distance(s)  le recul r\u00e9v\u00e9lateur d\u2019un ensemble de distances, comme dans un espace \u00e0 multiples dimensions...  pr\u00e9face par le collectionneur\u00a0Don Sanders.   Ses cheveux dans mes yeux  Livre intimiste sur 25 ann\u00e9es de photographie et de passion.  Sign\u00e9s par l&#039;auteur.\" \/>\n<meta property=\"og:url\" content=\"https:\/\/christophevermare.com\/eshop\/en\/product\/offre-duo-2-livres\/\" \/>\n<meta property=\"og:site_name\" content=\"Christophe VERMARE\" \/>\n<meta property=\"article:publisher\" content=\"https:\/\/www.facebook.com\/profile.php?id=100087230700633\" \/>\n<meta property=\"article:modified_time\" content=\"2026-03-19T22:48:08+00:00\" \/>\n<meta property=\"og:image\" content=\"https:\/\/christophevermare.com\/eshop\/wp-content\/uploads\/2022\/10\/CV_DigNeg_N4832.jpg\" \/>\n\t<meta property=\"og:image:width\" content=\"500\" \/>\n\t<meta property=\"og:image:height\" content=\"333\" \/>\n\t<meta property=\"og:image:type\" content=\"image\/jpeg\" \/>\n<meta name=\"twitter:card\" content=\"summary_large_image\" \/>\n<meta name=\"twitter:label1\" content=\"Est. reading time\" \/>\n\t<meta name=\"twitter:data1\" content=\"1 minute\" \/>\n<script type=\"application\/ld+json\" class=\"yoast-schema-graph\">{\"@context\":\"https:\\\/\\\/schema.org\",\"@graph\":[{\"@type\":\"WebPage\",\"@id\":\"https:\\\/\\\/christophevermare.com\\\/eshop\\\/produit\\\/offre-duo-2-livres\\\/\",\"url\":\"https:\\\/\\\/christophevermare.com\\\/eshop\\\/produit\\\/offre-duo-2-livres\\\/\",\"name\":\"Offre DUO - 2 livres - Christophe VERMARE\",\"isPartOf\":{\"@id\":\"https:\\\/\\\/christophevermare.com\\\/eshop\\\/#website\"},\"primaryImageOfPage\":{\"@id\":\"https:\\\/\\\/christophevermare.com\\\/eshop\\\/produit\\\/offre-duo-2-livres\\\/#primaryimage\"},\"image\":{\"@id\":\"https:\\\/\\\/christophevermare.com\\\/eshop\\\/produit\\\/offre-duo-2-livres\\\/#primaryimage\"},\"thumbnailUrl\":\"https:\\\/\\\/i0.wp.com\\\/christophevermare.com\\\/eshop\\\/wp-content\\\/uploads\\\/2022\\\/10\\\/CV_DigNeg_N4832.jpg?fit=500%2C333&ssl=1\",\"datePublished\":\"2022-10-15T21:44:10+00:00\",\"dateModified\":\"2026-03-19T22:48:08+00:00\",\"breadcrumb\":{\"@id\":\"https:\\\/\\\/christophevermare.com\\\/eshop\\\/produit\\\/offre-duo-2-livres\\\/#breadcrumb\"},\"inLanguage\":\"en-US\",\"potentialAction\":[{\"@type\":\"ReadAction\",\"target\":[\"https:\\\/\\\/christophevermare.com\\\/eshop\\\/produit\\\/offre-duo-2-livres\\\/\"]}]},{\"@type\":\"ImageObject\",\"inLanguage\":\"en-US\",\"@id\":\"https:\\\/\\\/christophevermare.com\\\/eshop\\\/produit\\\/offre-duo-2-livres\\\/#primaryimage\",\"url\":\"https:\\\/\\\/i0.wp.com\\\/christophevermare.com\\\/eshop\\\/wp-content\\\/uploads\\\/2022\\\/10\\\/CV_DigNeg_N4832.jpg?fit=500%2C333&ssl=1\",\"contentUrl\":\"https:\\\/\\\/i0.wp.com\\\/christophevermare.com\\\/eshop\\\/wp-content\\\/uploads\\\/2022\\\/10\\\/CV_DigNeg_N4832.jpg?fit=500%2C333&ssl=1\",\"width\":500,\"height\":333},{\"@type\":\"BreadcrumbList\",\"@id\":\"https:\\\/\\\/christophevermare.com\\\/eshop\\\/produit\\\/offre-duo-2-livres\\\/#breadcrumb\",\"itemListElement\":[{\"@type\":\"ListItem\",\"position\":1,\"name\":\"Accueil\",\"item\":\"https:\\\/\\\/christophevermare.com\\\/eshop\\\/\"},{\"@type\":\"ListItem\",\"position\":2,\"name\":\"e-SHOP\",\"item\":\"https:\\\/\\\/christophevermare.com\\\/eshop\\\/\"},{\"@type\":\"ListItem\",\"position\":3,\"name\":\"Offre DUO &#8211; 2 livres\"}]},{\"@type\":\"WebSite\",\"@id\":\"https:\\\/\\\/christophevermare.com\\\/eshop\\\/#website\",\"url\":\"https:\\\/\\\/christophevermare.com\\\/eshop\\\/\",\"name\":\"Christophe VERMARE\",\"description\":\"photographe auteur\",\"publisher\":{\"@id\":\"https:\\\/\\\/christophevermare.com\\\/eshop\\\/#\\\/schema\\\/person\\\/9c81c766d6a8a93bcfeaedecef3c7067\"},\"potentialAction\":[{\"@type\":\"SearchAction\",\"target\":{\"@type\":\"EntryPoint\",\"urlTemplate\":\"https:\\\/\\\/christophevermare.com\\\/eshop\\\/?s={search_term_string}\"},\"query-input\":{\"@type\":\"PropertyValueSpecification\",\"valueRequired\":true,\"valueName\":\"search_term_string\"}}],\"inLanguage\":\"en-US\"},{\"@type\":[\"Person\",\"Organization\"],\"@id\":\"https:\\\/\\\/christophevermare.com\\\/eshop\\\/#\\\/schema\\\/person\\\/9c81c766d6a8a93bcfeaedecef3c7067\",\"name\":\"christophe\",\"image\":{\"@type\":\"ImageObject\",\"inLanguage\":\"en-US\",\"@id\":\"https:\\\/\\\/i0.wp.com\\\/christophevermare.com\\\/eshop\\\/wp-content\\\/uploads\\\/2022\\\/10\\\/ChV_infinity_logo_H30mm.png?fit=354%2C170&ssl=1\",\"url\":\"https:\\\/\\\/i0.wp.com\\\/christophevermare.com\\\/eshop\\\/wp-content\\\/uploads\\\/2022\\\/10\\\/ChV_infinity_logo_H30mm.png?fit=354%2C170&ssl=1\",\"contentUrl\":\"https:\\\/\\\/i0.wp.com\\\/christophevermare.com\\\/eshop\\\/wp-content\\\/uploads\\\/2022\\\/10\\\/ChV_infinity_logo_H30mm.png?fit=354%2C170&ssl=1\",\"width\":354,\"height\":170,\"caption\":\"christophe\"},\"logo\":{\"@id\":\"https:\\\/\\\/i0.wp.com\\\/christophevermare.com\\\/eshop\\\/wp-content\\\/uploads\\\/2022\\\/10\\\/ChV_infinity_logo_H30mm.png?fit=354%2C170&ssl=1\"},\"description\":\"https:\\\/\\\/www.christophevermare.com\\\/src\\\/\",\"sameAs\":[\"https:\\\/\\\/www.christophevermare.com\\\/test_wordpress\\\/\",\"https:\\\/\\\/www.facebook.com\\\/profile.php?id=100087230700633\",\"https:\\\/\\\/www.instagram.com\\\/christophe.vermare\\\/\"]}]}<\/script>\n<!-- \/ Yoast SEO plugin. -->","yoast_head_json":{"title":"Offre DUO - 2 livres - Christophe VERMARE","robots":{"index":"index","follow":"follow","max-snippet":"max-snippet:-1","max-image-preview":"max-image-preview:large","max-video-preview":"max-video-preview:-1"},"canonical":"https:\/\/christophevermare.com\/eshop\/en\/product\/offre-duo-2-livres\/","og_locale":"en_US","og_type":"article","og_title":"Offre DUO - 2 livres - Christophe VERMARE","og_description":"PROMOTION MAJEURE! En vue d'une expatriation d\u00e9but 2026, j'ai besoin de faire de la place. Alors voici les derniers exemplaires de mes livres \u00e0 prix coutant !  Les deux monographies de Christophe Vermare, publi\u00e9es en 2010 et 2016.   Distance(s)  le recul r\u00e9v\u00e9lateur d\u2019un ensemble de distances, comme dans un espace \u00e0 multiples dimensions...  pr\u00e9face par le collectionneur\u00a0Don Sanders.   Ses cheveux dans mes yeux  Livre intimiste sur 25 ann\u00e9es de photographie et de passion.  Sign\u00e9s par l'auteur.","og_url":"https:\/\/christophevermare.com\/eshop\/en\/product\/offre-duo-2-livres\/","og_site_name":"Christophe VERMARE","article_publisher":"https:\/\/www.facebook.com\/profile.php?id=100087230700633","article_modified_time":"2026-03-19T22:48:08+00:00","og_image":[{"width":500,"height":333,"url":"https:\/\/christophevermare.com\/eshop\/wp-content\/uploads\/2022\/10\/CV_DigNeg_N4832.jpg","type":"image\/jpeg"}],"twitter_card":"summary_large_image","twitter_misc":{"Est. reading time":"1 minute"},"schema":{"@context":"https:\/\/schema.org","@graph":[{"@type":"WebPage","@id":"https:\/\/christophevermare.com\/eshop\/produit\/offre-duo-2-livres\/","url":"https:\/\/christophevermare.com\/eshop\/produit\/offre-duo-2-livres\/","name":"Offre DUO - 2 livres - Christophe VERMARE","isPartOf":{"@id":"https:\/\/christophevermare.com\/eshop\/#website"},"primaryImageOfPage":{"@id":"https:\/\/christophevermare.com\/eshop\/produit\/offre-duo-2-livres\/#primaryimage"},"image":{"@id":"https:\/\/christophevermare.com\/eshop\/produit\/offre-duo-2-livres\/#primaryimage"},"thumbnailUrl":"https:\/\/i0.wp.com\/christophevermare.com\/eshop\/wp-content\/uploads\/2022\/10\/CV_DigNeg_N4832.jpg?fit=500%2C333&ssl=1","datePublished":"2022-10-15T21:44:10+00:00","dateModified":"2026-03-19T22:48:08+00:00","breadcrumb":{"@id":"https:\/\/christophevermare.com\/eshop\/produit\/offre-duo-2-livres\/#breadcrumb"},"inLanguage":"en-US","potentialAction":[{"@type":"ReadAction","target":["https:\/\/christophevermare.com\/eshop\/produit\/offre-duo-2-livres\/"]}]},{"@type":"ImageObject","inLanguage":"en-US","@id":"https:\/\/christophevermare.com\/eshop\/produit\/offre-duo-2-livres\/#primaryimage","url":"https:\/\/i0.wp.com\/christophevermare.com\/eshop\/wp-content\/uploads\/2022\/10\/CV_DigNeg_N4832.jpg?fit=500%2C333&ssl=1","contentUrl":"https:\/\/i0.wp.com\/christophevermare.com\/eshop\/wp-content\/uploads\/2022\/10\/CV_DigNeg_N4832.jpg?fit=500%2C333&ssl=1","width":500,"height":333},{"@type":"BreadcrumbList","@id":"https:\/\/christophevermare.com\/eshop\/produit\/offre-duo-2-livres\/#breadcrumb","itemListElement":[{"@type":"ListItem","position":1,"name":"Accueil","item":"https:\/\/christophevermare.com\/eshop\/"},{"@type":"ListItem","position":2,"name":"e-SHOP","item":"https:\/\/christophevermare.com\/eshop\/"},{"@type":"ListItem","position":3,"name":"Offre DUO &#8211; 2 livres"}]},{"@type":"WebSite","@id":"https:\/\/christophevermare.com\/eshop\/#website","url":"https:\/\/christophevermare.com\/eshop\/","name":"Christophe VERMARE","description":"photographer","publisher":{"@id":"https:\/\/christophevermare.com\/eshop\/#\/schema\/person\/9c81c766d6a8a93bcfeaedecef3c7067"},"potentialAction":[{"@type":"SearchAction","target":{"@type":"EntryPoint","urlTemplate":"https:\/\/christophevermare.com\/eshop\/?s={search_term_string}"},"query-input":{"@type":"PropertyValueSpecification","valueRequired":true,"valueName":"search_term_string"}}],"inLanguage":"en-US"},{"@type":["Person","Organization"],"@id":"https:\/\/christophevermare.com\/eshop\/#\/schema\/person\/9c81c766d6a8a93bcfeaedecef3c7067","name":"christophe","image":{"@type":"ImageObject","inLanguage":"en-US","@id":"https:\/\/i0.wp.com\/christophevermare.com\/eshop\/wp-content\/uploads\/2022\/10\/ChV_infinity_logo_H30mm.png?fit=354%2C170&ssl=1","url":"https:\/\/i0.wp.com\/christophevermare.com\/eshop\/wp-content\/uploads\/2022\/10\/ChV_infinity_logo_H30mm.png?fit=354%2C170&ssl=1","contentUrl":"https:\/\/i0.wp.com\/christophevermare.com\/eshop\/wp-content\/uploads\/2022\/10\/ChV_infinity_logo_H30mm.png?fit=354%2C170&ssl=1","width":354,"height":170,"caption":"christophe"},"logo":{"@id":"https:\/\/i0.wp.com\/christophevermare.com\/eshop\/wp-content\/uploads\/2022\/10\/ChV_infinity_logo_H30mm.png?fit=354%2C170&ssl=1"},"description":"https:\/\/www.christophevermare.com\/src\/","sameAs":["https:\/\/www.christophevermare.com\/test_wordpress\/","https:\/\/www.facebook.com\/profile.php?id=100087230700633","https:\/\/www.instagram.com\/christophe.vermare\/"]}]}},"jetpack_publicize_connections":[],"jetpack_sharing_enabled":true,"_links":{"self":[{"href":"https:\/\/christophevermare.com\/eshop\/en\/wp-json\/wp\/v2\/product\/1541","targetHints":{"allow":["GET"]}}],"collection":[{"href":"https:\/\/christophevermare.com\/eshop\/en\/wp-json\/wp\/v2\/product"}],"about":[{"href":"https:\/\/christophevermare.com\/eshop\/en\/wp-json\/wp\/v2\/types\/product"}],"replies":[{"embeddable":true,"href":"https:\/\/christophevermare.com\/eshop\/en\/wp-json\/wp\/v2\/comments?post=1541"}],"wp:featuredmedia":[{"embeddable":true,"href":"https:\/\/christophevermare.com\/eshop\/en\/wp-json\/wp\/v2\/media\/371"}],"wp:attachment":[{"href":"https:\/\/christophevermare.com\/eshop\/en\/wp-json\/wp\/v2\/media?parent=1541"}],"wp:term":[{"taxonomy":"product_brand","embeddable":true,"href":"https:\/\/christophevermare.com\/eshop\/en\/wp-json\/wp\/v2\/product_brand?post=1541"},{"taxonomy":"product_cat","embeddable":true,"href":"https:\/\/christophevermare.com\/eshop\/en\/wp-json\/wp\/v2\/product_cat?post=1541"},{"taxonomy":"product_tag","embeddable":true,"href":"https:\/\/christophevermare.com\/eshop\/en\/wp-json\/wp\/v2\/product_tag?post=1541"}],"curies":[{"name":"wp","href":"https:\/\/api.w.org\/{rel}","templated":true}]}}