{"id":906,"date":"2022-10-08T20:55:08","date_gmt":"2022-10-08T18:55:08","guid":{"rendered":"https:\/\/www.christophevermare.com\/test_wordpress\/?post_type=product&#038;p=906"},"modified":"2022-10-10T17:11:52","modified_gmt":"2022-10-10T15:11:52","slug":"serie-nowanecrohot-19x13cm","status":"publish","type":"product","link":"https:\/\/christophevermare.com\/eshop\/en\/product\/serie-nowanecrohot-19x13cm\/","title":{"rendered":"S\u00e9rie \u00ab\u00a0NoWane @Crohot\u00a0\u00bb (19x13cm)"},"content":{"rendered":"<p>Un set de cartes 19&#215;13 (cm) pour un coup de coeur!<\/p>\n<p>Th\u00e8me: Plage du Grand Crohot, L\u00e8ge Cap Ferret &#8211; France.<\/p>\n<p>Mod\u00e8le: NoWane<\/p>\n<p>Tirage 19cm x 13cm non num\u00e9rot\u00e9, r\u00e9alis\u00e9 et sign\u00e9 par le photographe.<\/p>","protected":false},"excerpt":{"rendered":"<p>S\u00e9rie \u00ab\u00a0NoWane@Crohot\u00a0\u00bb<\/p>\n<p>Mod\u00e8le: NoWane<\/p>","protected":false},"featured_media":930,"comment_status":"open","ping_status":"closed","template":"","meta":{"om_disable_all_campaigns":false,"neve_meta_sidebar":"","neve_meta_container":"","neve_meta_enable_content_width":"off","neve_meta_content_width":100,"neve_meta_title_alignment":"","neve_meta_author_avatar":"","neve_post_elements_order":"","neve_meta_disable_header":"","neve_meta_disable_footer":"","neve_meta_disable_title":"","_themeisle_gutenberg_block_has_review":false,"jetpack_post_was_ever_published":false,"jetpack_publicize_message":"","jetpack_publicize_feature_enabled":true,"jetpack_social_post_already_shared":false,"jetpack_social_options":{"image_generator_settings":{"template":"highway","default_image_id":0,"font":"","enabled":false},"version":2}},"product_brand":[],"product_cat":[57,35],"product_tag":[115,147,113,116],"class_list":{"0":"post-906","1":"product","2":"type-product","3":"status-publish","4":"has-post-thumbnail","6":"product_cat-cartes19x13","7":"product_cat-edition-libre","8":"product_tag-exterieur","9":"product_tag-modele-nowane","10":"product_tag-noir-blanc","11":"product_tag-plage","12":"product_shipping_class-livraison-carte","14":"first","15":"instock","16":"shipping-taxable","17":"purchasable","18":"product-type-variable","19":"has-default-attributes"},"yoast_head":"<!-- This site is optimized with the Yoast SEO plugin v27.5 - https:\/\/yoast.com\/product\/yoast-seo-wordpress\/ -->\n<title>S\u00e9rie &quot;NoWane @Crohot&quot; (19x13cm) - Christophe VERMARE<\/title>\n<meta name=\"robots\" content=\"index, follow, max-snippet:-1, max-image-preview:large, max-video-preview:-1\" \/>\n<link rel=\"canonical\" href=\"https:\/\/christophevermare.com\/eshop\/en\/product\/serie-nowanecrohot-19x13cm\/\" \/>\n<meta property=\"og:locale\" content=\"en_US\" \/>\n<meta property=\"og:type\" content=\"article\" \/>\n<meta property=\"og:title\" content=\"S\u00e9rie &quot;NoWane @Crohot&quot; (19x13cm) - Christophe VERMARE\" \/>\n<meta property=\"og:description\" content=\"S\u00e9rie &quot;NoWane@Crohot&quot;  Mod\u00e8le: NoWane\" \/>\n<meta property=\"og:url\" content=\"https:\/\/christophevermare.com\/eshop\/en\/product\/serie-nowanecrohot-19x13cm\/\" \/>\n<meta property=\"og:site_name\" content=\"Christophe VERMARE\" \/>\n<meta property=\"article:publisher\" content=\"https:\/\/www.facebook.com\/profile.php?id=100087230700633\" \/>\n<meta property=\"article:modified_time\" content=\"2022-10-10T15:11:52+00:00\" \/>\n<meta property=\"og:image\" content=\"https:\/\/i0.wp.com\/christophevermare.com\/eshop\/wp-content\/uploads\/2022\/10\/CV_DigNeg_L6270-M180906.jpg?fit=1024%2C1024&ssl=1\" \/>\n\t<meta property=\"og:image:width\" content=\"1024\" \/>\n\t<meta property=\"og:image:height\" content=\"1024\" \/>\n\t<meta property=\"og:image:type\" content=\"image\/jpeg\" \/>\n<meta name=\"twitter:card\" content=\"summary_large_image\" \/>\n<meta name=\"twitter:label1\" content=\"Est. reading time\" \/>\n\t<meta name=\"twitter:data1\" content=\"1 minute\" \/>\n<script type=\"application\/ld+json\" class=\"yoast-schema-graph\">{\"@context\":\"https:\\\/\\\/schema.org\",\"@graph\":[{\"@type\":\"WebPage\",\"@id\":\"https:\\\/\\\/christophevermare.com\\\/eshop\\\/produit\\\/serie-nowanecrohot-19x13cm\\\/\",\"url\":\"https:\\\/\\\/christophevermare.com\\\/eshop\\\/produit\\\/serie-nowanecrohot-19x13cm\\\/\",\"name\":\"S\u00e9rie \\\"NoWane @Crohot\\\" (19x13cm) - Christophe VERMARE\",\"isPartOf\":{\"@id\":\"https:\\\/\\\/christophevermare.com\\\/eshop\\\/#website\"},\"primaryImageOfPage\":{\"@id\":\"https:\\\/\\\/christophevermare.com\\\/eshop\\\/produit\\\/serie-nowanecrohot-19x13cm\\\/#primaryimage\"},\"image\":{\"@id\":\"https:\\\/\\\/christophevermare.com\\\/eshop\\\/produit\\\/serie-nowanecrohot-19x13cm\\\/#primaryimage\"},\"thumbnailUrl\":\"https:\\\/\\\/i0.wp.com\\\/christophevermare.com\\\/eshop\\\/wp-content\\\/uploads\\\/2022\\\/10\\\/CV_DigNeg_L6270-M180906.jpg?fit=1024%2C1024&ssl=1\",\"datePublished\":\"2022-10-08T18:55:08+00:00\",\"dateModified\":\"2022-10-10T15:11:52+00:00\",\"breadcrumb\":{\"@id\":\"https:\\\/\\\/christophevermare.com\\\/eshop\\\/produit\\\/serie-nowanecrohot-19x13cm\\\/#breadcrumb\"},\"inLanguage\":\"en-US\",\"potentialAction\":[{\"@type\":\"ReadAction\",\"target\":[\"https:\\\/\\\/christophevermare.com\\\/eshop\\\/produit\\\/serie-nowanecrohot-19x13cm\\\/\"]}]},{\"@type\":\"ImageObject\",\"inLanguage\":\"en-US\",\"@id\":\"https:\\\/\\\/christophevermare.com\\\/eshop\\\/produit\\\/serie-nowanecrohot-19x13cm\\\/#primaryimage\",\"url\":\"https:\\\/\\\/i0.wp.com\\\/christophevermare.com\\\/eshop\\\/wp-content\\\/uploads\\\/2022\\\/10\\\/CV_DigNeg_L6270-M180906.jpg?fit=1024%2C1024&ssl=1\",\"contentUrl\":\"https:\\\/\\\/i0.wp.com\\\/christophevermare.com\\\/eshop\\\/wp-content\\\/uploads\\\/2022\\\/10\\\/CV_DigNeg_L6270-M180906.jpg?fit=1024%2C1024&ssl=1\",\"width\":1024,\"height\":1024},{\"@type\":\"BreadcrumbList\",\"@id\":\"https:\\\/\\\/christophevermare.com\\\/eshop\\\/produit\\\/serie-nowanecrohot-19x13cm\\\/#breadcrumb\",\"itemListElement\":[{\"@type\":\"ListItem\",\"position\":1,\"name\":\"Accueil\",\"item\":\"https:\\\/\\\/christophevermare.com\\\/eshop\\\/\"},{\"@type\":\"ListItem\",\"position\":2,\"name\":\"e-SHOP\",\"item\":\"https:\\\/\\\/christophevermare.com\\\/eshop\\\/\"},{\"@type\":\"ListItem\",\"position\":3,\"name\":\"S\u00e9rie \u00ab\u00a0NoWane @Crohot\u00a0\u00bb (19x13cm)\"}]},{\"@type\":\"WebSite\",\"@id\":\"https:\\\/\\\/christophevermare.com\\\/eshop\\\/#website\",\"url\":\"https:\\\/\\\/christophevermare.com\\\/eshop\\\/\",\"name\":\"Christophe VERMARE\",\"description\":\"photographe auteur\",\"publisher\":{\"@id\":\"https:\\\/\\\/christophevermare.com\\\/eshop\\\/#\\\/schema\\\/person\\\/9c81c766d6a8a93bcfeaedecef3c7067\"},\"potentialAction\":[{\"@type\":\"SearchAction\",\"target\":{\"@type\":\"EntryPoint\",\"urlTemplate\":\"https:\\\/\\\/christophevermare.com\\\/eshop\\\/?s={search_term_string}\"},\"query-input\":{\"@type\":\"PropertyValueSpecification\",\"valueRequired\":true,\"valueName\":\"search_term_string\"}}],\"inLanguage\":\"en-US\"},{\"@type\":[\"Person\",\"Organization\"],\"@id\":\"https:\\\/\\\/christophevermare.com\\\/eshop\\\/#\\\/schema\\\/person\\\/9c81c766d6a8a93bcfeaedecef3c7067\",\"name\":\"christophe\",\"image\":{\"@type\":\"ImageObject\",\"inLanguage\":\"en-US\",\"@id\":\"https:\\\/\\\/i0.wp.com\\\/christophevermare.com\\\/eshop\\\/wp-content\\\/uploads\\\/2022\\\/10\\\/ChV_infinity_logo_H30mm.png?fit=354%2C170&ssl=1\",\"url\":\"https:\\\/\\\/i0.wp.com\\\/christophevermare.com\\\/eshop\\\/wp-content\\\/uploads\\\/2022\\\/10\\\/ChV_infinity_logo_H30mm.png?fit=354%2C170&ssl=1\",\"contentUrl\":\"https:\\\/\\\/i0.wp.com\\\/christophevermare.com\\\/eshop\\\/wp-content\\\/uploads\\\/2022\\\/10\\\/ChV_infinity_logo_H30mm.png?fit=354%2C170&ssl=1\",\"width\":354,\"height\":170,\"caption\":\"christophe\"},\"logo\":{\"@id\":\"https:\\\/\\\/i0.wp.com\\\/christophevermare.com\\\/eshop\\\/wp-content\\\/uploads\\\/2022\\\/10\\\/ChV_infinity_logo_H30mm.png?fit=354%2C170&ssl=1\"},\"description\":\"https:\\\/\\\/www.christophevermare.com\\\/src\\\/\",\"sameAs\":[\"https:\\\/\\\/www.christophevermare.com\\\/test_wordpress\\\/\",\"https:\\\/\\\/www.facebook.com\\\/profile.php?id=100087230700633\",\"https:\\\/\\\/www.instagram.com\\\/christophe.vermare\\\/\"]}]}<\/script>\n<!-- \/ Yoast SEO plugin. -->","yoast_head_json":{"title":"S\u00e9rie \"NoWane @Crohot\" (19x13cm) - Christophe VERMARE","robots":{"index":"index","follow":"follow","max-snippet":"max-snippet:-1","max-image-preview":"max-image-preview:large","max-video-preview":"max-video-preview:-1"},"canonical":"https:\/\/christophevermare.com\/eshop\/en\/product\/serie-nowanecrohot-19x13cm\/","og_locale":"en_US","og_type":"article","og_title":"S\u00e9rie \"NoWane @Crohot\" (19x13cm) - Christophe VERMARE","og_description":"S\u00e9rie \"NoWane@Crohot\"  Mod\u00e8le: NoWane","og_url":"https:\/\/christophevermare.com\/eshop\/en\/product\/serie-nowanecrohot-19x13cm\/","og_site_name":"Christophe VERMARE","article_publisher":"https:\/\/www.facebook.com\/profile.php?id=100087230700633","article_modified_time":"2022-10-10T15:11:52+00:00","og_image":[{"width":1024,"height":1024,"url":"https:\/\/i0.wp.com\/christophevermare.com\/eshop\/wp-content\/uploads\/2022\/10\/CV_DigNeg_L6270-M180906.jpg?fit=1024%2C1024&ssl=1","type":"image\/jpeg"}],"twitter_card":"summary_large_image","twitter_misc":{"Est. reading time":"1 minute"},"schema":{"@context":"https:\/\/schema.org","@graph":[{"@type":"WebPage","@id":"https:\/\/christophevermare.com\/eshop\/produit\/serie-nowanecrohot-19x13cm\/","url":"https:\/\/christophevermare.com\/eshop\/produit\/serie-nowanecrohot-19x13cm\/","name":"S\u00e9rie \"NoWane @Crohot\" (19x13cm) - Christophe VERMARE","isPartOf":{"@id":"https:\/\/christophevermare.com\/eshop\/#website"},"primaryImageOfPage":{"@id":"https:\/\/christophevermare.com\/eshop\/produit\/serie-nowanecrohot-19x13cm\/#primaryimage"},"image":{"@id":"https:\/\/christophevermare.com\/eshop\/produit\/serie-nowanecrohot-19x13cm\/#primaryimage"},"thumbnailUrl":"https:\/\/i0.wp.com\/christophevermare.com\/eshop\/wp-content\/uploads\/2022\/10\/CV_DigNeg_L6270-M180906.jpg?fit=1024%2C1024&ssl=1","datePublished":"2022-10-08T18:55:08+00:00","dateModified":"2022-10-10T15:11:52+00:00","breadcrumb":{"@id":"https:\/\/christophevermare.com\/eshop\/produit\/serie-nowanecrohot-19x13cm\/#breadcrumb"},"inLanguage":"en-US","potentialAction":[{"@type":"ReadAction","target":["https:\/\/christophevermare.com\/eshop\/produit\/serie-nowanecrohot-19x13cm\/"]}]},{"@type":"ImageObject","inLanguage":"en-US","@id":"https:\/\/christophevermare.com\/eshop\/produit\/serie-nowanecrohot-19x13cm\/#primaryimage","url":"https:\/\/i0.wp.com\/christophevermare.com\/eshop\/wp-content\/uploads\/2022\/10\/CV_DigNeg_L6270-M180906.jpg?fit=1024%2C1024&ssl=1","contentUrl":"https:\/\/i0.wp.com\/christophevermare.com\/eshop\/wp-content\/uploads\/2022\/10\/CV_DigNeg_L6270-M180906.jpg?fit=1024%2C1024&ssl=1","width":1024,"height":1024},{"@type":"BreadcrumbList","@id":"https:\/\/christophevermare.com\/eshop\/produit\/serie-nowanecrohot-19x13cm\/#breadcrumb","itemListElement":[{"@type":"ListItem","position":1,"name":"Accueil","item":"https:\/\/christophevermare.com\/eshop\/"},{"@type":"ListItem","position":2,"name":"e-SHOP","item":"https:\/\/christophevermare.com\/eshop\/"},{"@type":"ListItem","position":3,"name":"S\u00e9rie \u00ab\u00a0NoWane @Crohot\u00a0\u00bb (19x13cm)"}]},{"@type":"WebSite","@id":"https:\/\/christophevermare.com\/eshop\/#website","url":"https:\/\/christophevermare.com\/eshop\/","name":"Christophe VERMARE","description":"photographer","publisher":{"@id":"https:\/\/christophevermare.com\/eshop\/#\/schema\/person\/9c81c766d6a8a93bcfeaedecef3c7067"},"potentialAction":[{"@type":"SearchAction","target":{"@type":"EntryPoint","urlTemplate":"https:\/\/christophevermare.com\/eshop\/?s={search_term_string}"},"query-input":{"@type":"PropertyValueSpecification","valueRequired":true,"valueName":"search_term_string"}}],"inLanguage":"en-US"},{"@type":["Person","Organization"],"@id":"https:\/\/christophevermare.com\/eshop\/#\/schema\/person\/9c81c766d6a8a93bcfeaedecef3c7067","name":"christophe","image":{"@type":"ImageObject","inLanguage":"en-US","@id":"https:\/\/i0.wp.com\/christophevermare.com\/eshop\/wp-content\/uploads\/2022\/10\/ChV_infinity_logo_H30mm.png?fit=354%2C170&ssl=1","url":"https:\/\/i0.wp.com\/christophevermare.com\/eshop\/wp-content\/uploads\/2022\/10\/ChV_infinity_logo_H30mm.png?fit=354%2C170&ssl=1","contentUrl":"https:\/\/i0.wp.com\/christophevermare.com\/eshop\/wp-content\/uploads\/2022\/10\/ChV_infinity_logo_H30mm.png?fit=354%2C170&ssl=1","width":354,"height":170,"caption":"christophe"},"logo":{"@id":"https:\/\/i0.wp.com\/christophevermare.com\/eshop\/wp-content\/uploads\/2022\/10\/ChV_infinity_logo_H30mm.png?fit=354%2C170&ssl=1"},"description":"https:\/\/www.christophevermare.com\/src\/","sameAs":["https:\/\/www.christophevermare.com\/test_wordpress\/","https:\/\/www.facebook.com\/profile.php?id=100087230700633","https:\/\/www.instagram.com\/christophe.vermare\/"]}]}},"jetpack_publicize_connections":[],"jetpack_sharing_enabled":true,"_links":{"self":[{"href":"https:\/\/christophevermare.com\/eshop\/en\/wp-json\/wp\/v2\/product\/906","targetHints":{"allow":["GET"]}}],"collection":[{"href":"https:\/\/christophevermare.com\/eshop\/en\/wp-json\/wp\/v2\/product"}],"about":[{"href":"https:\/\/christophevermare.com\/eshop\/en\/wp-json\/wp\/v2\/types\/product"}],"replies":[{"embeddable":true,"href":"https:\/\/christophevermare.com\/eshop\/en\/wp-json\/wp\/v2\/comments?post=906"}],"wp:featuredmedia":[{"embeddable":true,"href":"https:\/\/christophevermare.com\/eshop\/en\/wp-json\/wp\/v2\/media\/930"}],"wp:attachment":[{"href":"https:\/\/christophevermare.com\/eshop\/en\/wp-json\/wp\/v2\/media?parent=906"}],"wp:term":[{"taxonomy":"product_brand","embeddable":true,"href":"https:\/\/christophevermare.com\/eshop\/en\/wp-json\/wp\/v2\/product_brand?post=906"},{"taxonomy":"product_cat","embeddable":true,"href":"https:\/\/christophevermare.com\/eshop\/en\/wp-json\/wp\/v2\/product_cat?post=906"},{"taxonomy":"product_tag","embeddable":true,"href":"https:\/\/christophevermare.com\/eshop\/en\/wp-json\/wp\/v2\/product_tag?post=906"}],"curies":[{"name":"wp","href":"https:\/\/api.w.org\/{rel}","templated":true}]}}