{"id":515,"date":"2022-10-04T17:27:01","date_gmt":"2022-10-04T15:27:01","guid":{"rendered":"http:\/\/localhost:8888\/wordpress\/?page_id=515"},"modified":"2026-03-20T00:03:41","modified_gmt":"2026-03-19T23:03:41","slug":"25ellecarte","status":"publish","type":"page","link":"https:\/\/christophevermare.com\/eshop\/25ellecarte\/","title":{"rendered":"25Elle&#038;Cartes(19&#215;13)"},"content":{"rendered":"\n<div id=\"wp-block-themeisle-blocks-advanced-columns-3ed2410d\" class=\"wp-block-themeisle-blocks-advanced-columns has-1-columns has-desktop-equal-layout has-tablet-equal-layout has-mobile-equal-layout has-vertical-unset\"><div class=\"wp-block-themeisle-blocks-advanced-columns-overlay\"><\/div><div class=\"innerblocks-wrap\">\n<div id=\"wp-block-themeisle-blocks-advanced-column-a428644f\" class=\"wp-block-themeisle-blocks-advanced-column\">\n<blockquote class=\"wp-block-quote is-layout-flow wp-block-quote-is-layout-flow\">\n<p>Les mini-Prints \u00ab\u00a025 d&rsquo;EllE\u00a0\u00bb et les \u00ab\u00a0Cards\u00a0\u00bb&nbsp;(19&#215;13) sont&nbsp;une alternative aux tirages num\u00e9rot\u00e9s.<\/p>\n<\/blockquote>\n<\/div>\n<\/div><\/div>\n\n\n<div class=\"wp-block-image\">\n<figure class=\"aligncenter size-full\"><img data-recalc-dims=\"1\" loading=\"lazy\" decoding=\"async\" width=\"800\" height=\"548\" src=\"https:\/\/i0.wp.com\/christophevermare.com\/eshop\/wp-content\/uploads\/2022\/10\/CV_DigNeg_L9311-Mod2019.jpg?resize=800%2C548&#038;ssl=1\" alt=\"\" class=\"wp-image-519\" srcset=\"https:\/\/i0.wp.com\/christophevermare.com\/eshop\/wp-content\/uploads\/2022\/10\/CV_DigNeg_L9311-Mod2019.jpg?w=800&amp;ssl=1 800w, https:\/\/i0.wp.com\/christophevermare.com\/eshop\/wp-content\/uploads\/2022\/10\/CV_DigNeg_L9311-Mod2019.jpg?resize=300%2C206&amp;ssl=1 300w, https:\/\/i0.wp.com\/christophevermare.com\/eshop\/wp-content\/uploads\/2022\/10\/CV_DigNeg_L9311-Mod2019.jpg?resize=768%2C526&amp;ssl=1 768w, https:\/\/i0.wp.com\/christophevermare.com\/eshop\/wp-content\/uploads\/2022\/10\/CV_DigNeg_L9311-Mod2019.jpg?resize=600%2C411&amp;ssl=1 600w\" sizes=\"auto, (max-width: 800px) 100vw, 800px\" \/><\/figure>\n<\/div>\n\n\n<div style=\"height:31px\" aria-hidden=\"true\" class=\"wp-block-spacer\"><\/div>\n\n\n\n<p>De dimensions plus r\u00e9duites&nbsp;et sans num\u00e9rotation, ils permettent de d\u00e9marrer une collection ou d&rsquo;exposer ais\u00e9ment des photographies exclusives avec un investissement limit\u00e9. Ces impressions sont r\u00e9alis\u00e9es et sign\u00e9es par le photographe.<\/p>\n\n\n\n<p>Ces photographies ne sont pas disponibles en tirage num\u00e9rot\u00e9, c&rsquo;est une autre mani\u00e8re de collectionner.<\/p>\n\n\n\n<p>Deux possibilit\u00e9s sont actuellement propos\u00e9es:<\/p>\n\n\n\n<ul class=\"wp-block-list\">\n<li>25&nbsp;d&rsquo;EllE: une s\u00e9lection intimiste avec des tirages 24cm x 18cm de photographies issues du livre&nbsp;<em>\u00ab\u00a0Ses cheveux dans mes yeux\u00a0\u00bb<\/em><\/li>\n\n\n\n<li>Cards: des impressions 19cm x 13cm d&rsquo;une photographie, la trace d&rsquo;un coup de coeur!<\/li>\n<\/ul>\n\n\n\n<div class=\"wp-block-columns is-layout-flex wp-container-core-columns-is-layout-9d6595d7 wp-block-columns-is-layout-flex\">\n<div class=\"wp-block-column is-layout-flow wp-block-column-is-layout-flow\"><div class=\"wp-block-image\">\n<figure class=\"aligncenter size-full\"><img data-recalc-dims=\"1\" loading=\"lazy\" decoding=\"async\" width=\"342\" height=\"500\" src=\"https:\/\/i0.wp.com\/christophevermare.com\/eshop\/wp-content\/uploads\/2022\/10\/CV_DigNeg_L2562-M180526-13x19-GEKKO.jpg?resize=342%2C500&#038;ssl=1\" alt=\"\" class=\"wp-image-517\" srcset=\"https:\/\/i0.wp.com\/christophevermare.com\/eshop\/wp-content\/uploads\/2022\/10\/CV_DigNeg_L2562-M180526-13x19-GEKKO.jpg?w=342&amp;ssl=1 342w, https:\/\/i0.wp.com\/christophevermare.com\/eshop\/wp-content\/uploads\/2022\/10\/CV_DigNeg_L2562-M180526-13x19-GEKKO.jpg?resize=205%2C300&amp;ssl=1 205w\" sizes=\"auto, (max-width: 342px) 100vw, 342px\" \/><\/figure>\n<\/div><\/div>\n\n\n\n<div class=\"wp-block-column is-layout-flow wp-block-column-is-layout-flow\">\n<figure class=\"wp-block-image size-full\"><img data-recalc-dims=\"1\" loading=\"lazy\" decoding=\"async\" width=\"409\" height=\"640\" src=\"https:\/\/i0.wp.com\/christophevermare.com\/eshop\/wp-content\/uploads\/2022\/10\/CV_DigNeg_E8694-M110206.jpg?resize=409%2C640&#038;ssl=1\" alt=\"\" class=\"wp-image-518\" srcset=\"https:\/\/i0.wp.com\/christophevermare.com\/eshop\/wp-content\/uploads\/2022\/10\/CV_DigNeg_E8694-M110206.jpg?w=409&amp;ssl=1 409w, https:\/\/i0.wp.com\/christophevermare.com\/eshop\/wp-content\/uploads\/2022\/10\/CV_DigNeg_E8694-M110206.jpg?resize=192%2C300&amp;ssl=1 192w\" sizes=\"auto, (max-width: 409px) 100vw, 409px\" \/><\/figure>\n<\/div>\n\n\n\n<div class=\"wp-block-column is-layout-flow wp-block-column-is-layout-flow\">\n<div style=\"height:46px\" aria-hidden=\"true\" class=\"wp-block-spacer\"><\/div>\n\n\n\n<div class=\"wp-block-buttons alignwide is-content-justification-center is-layout-flex wp-container-core-buttons-is-layout-16018d1d wp-block-buttons-is-layout-flex\">\n<div class=\"wp-block-button\"><a class=\"wp-block-button__link wp-element-button\" href=\"https:\/\/www.christophevermare.com\/eshop\/product-category\/edition-libre\/25ans-prints\/\">25ans d&rsquo;EllE (mini-Prints)<\/a><\/div>\n<\/div>\n\n\n\n<div style=\"height:61px\" aria-hidden=\"true\" class=\"wp-block-spacer\"><\/div>\n\n\n\n<div class=\"wp-block-buttons is-content-justification-center is-layout-flex wp-container-core-buttons-is-layout-16018d1d wp-block-buttons-is-layout-flex\">\n<div class=\"wp-block-button aligncenter\"><a class=\"wp-block-button__link wp-element-button\" href=\"https:\/\/www.christophevermare.com\/eshop\/product-category\/edition-libre\/cartes19x13\/\">Cartes dans la boutique<\/a><\/div>\n<\/div>\n<\/div>\n<\/div>\n","protected":false},"excerpt":{"rendered":"<p>De dimensions plus r\u00e9duites&nbsp;et sans num\u00e9rotation, ils permettent de d\u00e9marrer une collection ou d&rsquo;exposer ais\u00e9ment des photographies exclusives avec un investissement limit\u00e9. Ces impressions sont r\u00e9alis\u00e9es et sign\u00e9es par le photographe. Ces photographies ne sont pas disponibles en tirage num\u00e9rot\u00e9, c&rsquo;est une autre mani\u00e8re de collectionner. Deux possibilit\u00e9s sont actuellement propos\u00e9es:<\/p>\n","protected":false},"author":1,"featured_media":0,"parent":0,"menu_order":0,"comment_status":"closed","ping_status":"closed","template":"","meta":{"om_disable_all_campaigns":false,"neve_meta_sidebar":"","neve_meta_container":"","neve_meta_enable_content_width":"","neve_meta_content_width":0,"neve_meta_title_alignment":"","neve_meta_author_avatar":"","neve_post_elements_order":"","neve_meta_disable_header":"","neve_meta_disable_footer":"","neve_meta_disable_title":"","_themeisle_gutenberg_block_has_review":false,"jetpack_post_was_ever_published":false,"footnotes":""},"class_list":["post-515","page","type-page","status-publish","hentry"],"yoast_head":"<!-- This site is optimized with the Yoast SEO plugin v27.5 - https:\/\/yoast.com\/product\/yoast-seo-wordpress\/ -->\n<title>25Elle&amp;Cartes(19x13) - Christophe VERMARE<\/title>\n<meta name=\"robots\" content=\"index, follow, max-snippet:-1, max-image-preview:large, max-video-preview:-1\" \/>\n<link rel=\"canonical\" href=\"https:\/\/christophevermare.com\/eshop\/25ellecarte\/\" \/>\n<meta property=\"og:locale\" content=\"fr_FR\" \/>\n<meta property=\"og:type\" content=\"article\" \/>\n<meta property=\"og:title\" content=\"25Elle&amp;Cartes(19x13) - Christophe VERMARE\" \/>\n<meta property=\"og:description\" content=\"De dimensions plus r\u00e9duites&nbsp;et sans num\u00e9rotation, ils permettent de d\u00e9marrer une collection ou d&rsquo;exposer ais\u00e9ment des photographies exclusives avec un investissement limit\u00e9. Ces impressions sont r\u00e9alis\u00e9es et sign\u00e9es par le photographe. Ces photographies ne sont pas disponibles en tirage num\u00e9rot\u00e9, c&rsquo;est une autre mani\u00e8re de collectionner. Deux possibilit\u00e9s sont actuellement propos\u00e9es:\" \/>\n<meta property=\"og:url\" content=\"https:\/\/christophevermare.com\/eshop\/25ellecarte\/\" \/>\n<meta property=\"og:site_name\" content=\"Christophe VERMARE\" \/>\n<meta property=\"article:publisher\" content=\"https:\/\/www.facebook.com\/profile.php?id=100087230700633\" \/>\n<meta property=\"article:modified_time\" content=\"2026-03-19T23:03:41+00:00\" \/>\n<meta property=\"og:image\" content=\"https:\/\/christophevermare.com\/eshop\/wp-content\/uploads\/2022\/10\/CV_DigNeg_L9311-Mod2019.jpg\" \/>\n<meta name=\"twitter:card\" content=\"summary_large_image\" \/>\n<meta name=\"twitter:label1\" content=\"Dur\u00e9e de lecture estim\u00e9e\" \/>\n\t<meta name=\"twitter:data1\" content=\"2 minutes\" \/>\n<script type=\"application\/ld+json\" class=\"yoast-schema-graph\">{\"@context\":\"https:\\\/\\\/schema.org\",\"@graph\":[{\"@type\":\"WebPage\",\"@id\":\"https:\\\/\\\/christophevermare.com\\\/eshop\\\/25ellecarte\\\/\",\"url\":\"https:\\\/\\\/christophevermare.com\\\/eshop\\\/25ellecarte\\\/\",\"name\":\"25Elle&Cartes(19x13) - Christophe VERMARE\",\"isPartOf\":{\"@id\":\"https:\\\/\\\/christophevermare.com\\\/eshop\\\/#website\"},\"primaryImageOfPage\":{\"@id\":\"https:\\\/\\\/christophevermare.com\\\/eshop\\\/25ellecarte\\\/#primaryimage\"},\"image\":{\"@id\":\"https:\\\/\\\/christophevermare.com\\\/eshop\\\/25ellecarte\\\/#primaryimage\"},\"thumbnailUrl\":\"https:\\\/\\\/christophevermare.com\\\/eshop\\\/wp-content\\\/uploads\\\/2022\\\/10\\\/CV_DigNeg_L9311-Mod2019.jpg\",\"datePublished\":\"2022-10-04T15:27:01+00:00\",\"dateModified\":\"2026-03-19T23:03:41+00:00\",\"breadcrumb\":{\"@id\":\"https:\\\/\\\/christophevermare.com\\\/eshop\\\/25ellecarte\\\/#breadcrumb\"},\"inLanguage\":\"fr-FR\",\"potentialAction\":[{\"@type\":\"ReadAction\",\"target\":[\"https:\\\/\\\/christophevermare.com\\\/eshop\\\/25ellecarte\\\/\"]}]},{\"@type\":\"ImageObject\",\"inLanguage\":\"fr-FR\",\"@id\":\"https:\\\/\\\/christophevermare.com\\\/eshop\\\/25ellecarte\\\/#primaryimage\",\"url\":\"https:\\\/\\\/i0.wp.com\\\/christophevermare.com\\\/eshop\\\/wp-content\\\/uploads\\\/2022\\\/10\\\/CV_DigNeg_L9311-Mod2019.jpg?fit=800%2C548&ssl=1\",\"contentUrl\":\"https:\\\/\\\/i0.wp.com\\\/christophevermare.com\\\/eshop\\\/wp-content\\\/uploads\\\/2022\\\/10\\\/CV_DigNeg_L9311-Mod2019.jpg?fit=800%2C548&ssl=1\",\"width\":800,\"height\":548},{\"@type\":\"BreadcrumbList\",\"@id\":\"https:\\\/\\\/christophevermare.com\\\/eshop\\\/25ellecarte\\\/#breadcrumb\",\"itemListElement\":[{\"@type\":\"ListItem\",\"position\":1,\"name\":\"Accueil\",\"item\":\"https:\\\/\\\/christophevermare.com\\\/eshop\\\/\"},{\"@type\":\"ListItem\",\"position\":2,\"name\":\"25Elle&#038;Cartes(19&#215;13)\"}]},{\"@type\":\"WebSite\",\"@id\":\"https:\\\/\\\/christophevermare.com\\\/eshop\\\/#website\",\"url\":\"https:\\\/\\\/christophevermare.com\\\/eshop\\\/\",\"name\":\"Christophe VERMARE\",\"description\":\"photographe auteur\",\"publisher\":{\"@id\":\"https:\\\/\\\/christophevermare.com\\\/eshop\\\/#\\\/schema\\\/person\\\/9c81c766d6a8a93bcfeaedecef3c7067\"},\"potentialAction\":[{\"@type\":\"SearchAction\",\"target\":{\"@type\":\"EntryPoint\",\"urlTemplate\":\"https:\\\/\\\/christophevermare.com\\\/eshop\\\/?s={search_term_string}\"},\"query-input\":{\"@type\":\"PropertyValueSpecification\",\"valueRequired\":true,\"valueName\":\"search_term_string\"}}],\"inLanguage\":\"fr-FR\"},{\"@type\":[\"Person\",\"Organization\"],\"@id\":\"https:\\\/\\\/christophevermare.com\\\/eshop\\\/#\\\/schema\\\/person\\\/9c81c766d6a8a93bcfeaedecef3c7067\",\"name\":\"christophe\",\"image\":{\"@type\":\"ImageObject\",\"inLanguage\":\"fr-FR\",\"@id\":\"https:\\\/\\\/i0.wp.com\\\/christophevermare.com\\\/eshop\\\/wp-content\\\/uploads\\\/2022\\\/10\\\/ChV_infinity_logo_H30mm.png?fit=354%2C170&ssl=1\",\"url\":\"https:\\\/\\\/i0.wp.com\\\/christophevermare.com\\\/eshop\\\/wp-content\\\/uploads\\\/2022\\\/10\\\/ChV_infinity_logo_H30mm.png?fit=354%2C170&ssl=1\",\"contentUrl\":\"https:\\\/\\\/i0.wp.com\\\/christophevermare.com\\\/eshop\\\/wp-content\\\/uploads\\\/2022\\\/10\\\/ChV_infinity_logo_H30mm.png?fit=354%2C170&ssl=1\",\"width\":354,\"height\":170,\"caption\":\"christophe\"},\"logo\":{\"@id\":\"https:\\\/\\\/i0.wp.com\\\/christophevermare.com\\\/eshop\\\/wp-content\\\/uploads\\\/2022\\\/10\\\/ChV_infinity_logo_H30mm.png?fit=354%2C170&ssl=1\"},\"description\":\"https:\\\/\\\/www.christophevermare.com\\\/src\\\/\",\"sameAs\":[\"https:\\\/\\\/www.christophevermare.com\\\/test_wordpress\\\/\",\"https:\\\/\\\/www.facebook.com\\\/profile.php?id=100087230700633\",\"https:\\\/\\\/www.instagram.com\\\/christophe.vermare\\\/\"]}]}<\/script>\n<!-- \/ Yoast SEO plugin. -->","yoast_head_json":{"title":"25Elle&Cartes(19x13) - Christophe VERMARE","robots":{"index":"index","follow":"follow","max-snippet":"max-snippet:-1","max-image-preview":"max-image-preview:large","max-video-preview":"max-video-preview:-1"},"canonical":"https:\/\/christophevermare.com\/eshop\/25ellecarte\/","og_locale":"fr_FR","og_type":"article","og_title":"25Elle&Cartes(19x13) - Christophe VERMARE","og_description":"De dimensions plus r\u00e9duites&nbsp;et sans num\u00e9rotation, ils permettent de d\u00e9marrer une collection ou d&rsquo;exposer ais\u00e9ment des photographies exclusives avec un investissement limit\u00e9. Ces impressions sont r\u00e9alis\u00e9es et sign\u00e9es par le photographe. Ces photographies ne sont pas disponibles en tirage num\u00e9rot\u00e9, c&rsquo;est une autre mani\u00e8re de collectionner. Deux possibilit\u00e9s sont actuellement propos\u00e9es:","og_url":"https:\/\/christophevermare.com\/eshop\/25ellecarte\/","og_site_name":"Christophe VERMARE","article_publisher":"https:\/\/www.facebook.com\/profile.php?id=100087230700633","article_modified_time":"2026-03-19T23:03:41+00:00","og_image":[{"url":"https:\/\/christophevermare.com\/eshop\/wp-content\/uploads\/2022\/10\/CV_DigNeg_L9311-Mod2019.jpg","type":"","width":"","height":""}],"twitter_card":"summary_large_image","twitter_misc":{"Dur\u00e9e de lecture estim\u00e9e":"2 minutes"},"schema":{"@context":"https:\/\/schema.org","@graph":[{"@type":"WebPage","@id":"https:\/\/christophevermare.com\/eshop\/25ellecarte\/","url":"https:\/\/christophevermare.com\/eshop\/25ellecarte\/","name":"25Elle&Cartes(19x13) - Christophe VERMARE","isPartOf":{"@id":"https:\/\/christophevermare.com\/eshop\/#website"},"primaryImageOfPage":{"@id":"https:\/\/christophevermare.com\/eshop\/25ellecarte\/#primaryimage"},"image":{"@id":"https:\/\/christophevermare.com\/eshop\/25ellecarte\/#primaryimage"},"thumbnailUrl":"https:\/\/christophevermare.com\/eshop\/wp-content\/uploads\/2022\/10\/CV_DigNeg_L9311-Mod2019.jpg","datePublished":"2022-10-04T15:27:01+00:00","dateModified":"2026-03-19T23:03:41+00:00","breadcrumb":{"@id":"https:\/\/christophevermare.com\/eshop\/25ellecarte\/#breadcrumb"},"inLanguage":"fr-FR","potentialAction":[{"@type":"ReadAction","target":["https:\/\/christophevermare.com\/eshop\/25ellecarte\/"]}]},{"@type":"ImageObject","inLanguage":"fr-FR","@id":"https:\/\/christophevermare.com\/eshop\/25ellecarte\/#primaryimage","url":"https:\/\/i0.wp.com\/christophevermare.com\/eshop\/wp-content\/uploads\/2022\/10\/CV_DigNeg_L9311-Mod2019.jpg?fit=800%2C548&ssl=1","contentUrl":"https:\/\/i0.wp.com\/christophevermare.com\/eshop\/wp-content\/uploads\/2022\/10\/CV_DigNeg_L9311-Mod2019.jpg?fit=800%2C548&ssl=1","width":800,"height":548},{"@type":"BreadcrumbList","@id":"https:\/\/christophevermare.com\/eshop\/25ellecarte\/#breadcrumb","itemListElement":[{"@type":"ListItem","position":1,"name":"Accueil","item":"https:\/\/christophevermare.com\/eshop\/"},{"@type":"ListItem","position":2,"name":"25Elle&#038;Cartes(19&#215;13)"}]},{"@type":"WebSite","@id":"https:\/\/christophevermare.com\/eshop\/#website","url":"https:\/\/christophevermare.com\/eshop\/","name":"Christophe VERMARE","description":"photographe auteur","publisher":{"@id":"https:\/\/christophevermare.com\/eshop\/#\/schema\/person\/9c81c766d6a8a93bcfeaedecef3c7067"},"potentialAction":[{"@type":"SearchAction","target":{"@type":"EntryPoint","urlTemplate":"https:\/\/christophevermare.com\/eshop\/?s={search_term_string}"},"query-input":{"@type":"PropertyValueSpecification","valueRequired":true,"valueName":"search_term_string"}}],"inLanguage":"fr-FR"},{"@type":["Person","Organization"],"@id":"https:\/\/christophevermare.com\/eshop\/#\/schema\/person\/9c81c766d6a8a93bcfeaedecef3c7067","name":"christophe","image":{"@type":"ImageObject","inLanguage":"fr-FR","@id":"https:\/\/i0.wp.com\/christophevermare.com\/eshop\/wp-content\/uploads\/2022\/10\/ChV_infinity_logo_H30mm.png?fit=354%2C170&ssl=1","url":"https:\/\/i0.wp.com\/christophevermare.com\/eshop\/wp-content\/uploads\/2022\/10\/ChV_infinity_logo_H30mm.png?fit=354%2C170&ssl=1","contentUrl":"https:\/\/i0.wp.com\/christophevermare.com\/eshop\/wp-content\/uploads\/2022\/10\/ChV_infinity_logo_H30mm.png?fit=354%2C170&ssl=1","width":354,"height":170,"caption":"christophe"},"logo":{"@id":"https:\/\/i0.wp.com\/christophevermare.com\/eshop\/wp-content\/uploads\/2022\/10\/ChV_infinity_logo_H30mm.png?fit=354%2C170&ssl=1"},"description":"https:\/\/www.christophevermare.com\/src\/","sameAs":["https:\/\/www.christophevermare.com\/test_wordpress\/","https:\/\/www.facebook.com\/profile.php?id=100087230700633","https:\/\/www.instagram.com\/christophe.vermare\/"]}]}},"jetpack_sharing_enabled":true,"_links":{"self":[{"href":"https:\/\/christophevermare.com\/eshop\/wp-json\/wp\/v2\/pages\/515","targetHints":{"allow":["GET"]}}],"collection":[{"href":"https:\/\/christophevermare.com\/eshop\/wp-json\/wp\/v2\/pages"}],"about":[{"href":"https:\/\/christophevermare.com\/eshop\/wp-json\/wp\/v2\/types\/page"}],"author":[{"embeddable":true,"href":"https:\/\/christophevermare.com\/eshop\/wp-json\/wp\/v2\/users\/1"}],"replies":[{"embeddable":true,"href":"https:\/\/christophevermare.com\/eshop\/wp-json\/wp\/v2\/comments?post=515"}],"version-history":[{"count":5,"href":"https:\/\/christophevermare.com\/eshop\/wp-json\/wp\/v2\/pages\/515\/revisions"}],"predecessor-version":[{"id":2175,"href":"https:\/\/christophevermare.com\/eshop\/wp-json\/wp\/v2\/pages\/515\/revisions\/2175"}],"wp:attachment":[{"href":"https:\/\/christophevermare.com\/eshop\/wp-json\/wp\/v2\/media?parent=515"}],"curies":[{"name":"wp","href":"https:\/\/api.w.org\/{rel}","templated":true}]}}