{"id":1044,"date":"2022-10-10T17:47:53","date_gmt":"2022-10-10T15:47:53","guid":{"rendered":"https:\/\/www.christophevermare.com\/test_wordpress\/?post_type=product&#038;p=1044"},"modified":"2022-10-10T17:48:44","modified_gmt":"2022-10-10T15:48:44","slug":"25ans-delle-page-157","status":"publish","type":"product","link":"https:\/\/christophevermare.com\/eshop\/produit\/25ans-delle-page-157\/","title":{"rendered":"25ans d&rsquo;EllE (page157)"},"content":{"rendered":"<p>25\u00a0d&rsquo;EllE: une s\u00e9lection intimiste avec des tirages 24cm x 18cm de photographies issues du livre\u00a0<em>\u00ab\u00a0Ses cheveux dans mes yeux\u00a0\u00bb<\/em><\/p>\n<p>Tirage 24&#215;18 (cm) non num\u00e9rot\u00e9, r\u00e9alis\u00e9 et sign\u00e9 par le photographe.<\/p>\n<p>Proc\u00e9d\u00e9 d&rsquo;impression identique aux tirages de collection.<\/p>\n<p>(papier semi brilliant au\u00a0touch\u00e9 et \u00e0 l&rsquo;aspect similaire au baryt\u00e9 argentique)<\/p>\n","protected":false},"excerpt":{"rendered":"<p>25\u00a0d&rsquo;EllE: une s\u00e9lection intimiste avec des tirages 24cm x 18cm de photographies issues du livre\u00a0<em>\u00ab\u00a0Ses cheveux dans mes yeux\u00a0\u00bb<\/em><\/p>\n<p>Tirage 24&#215;18 (cm) non num\u00e9rot\u00e9, r\u00e9alis\u00e9 et sign\u00e9 par le photographe.<\/p>\n","protected":false},"featured_media":736,"comment_status":"open","ping_status":"closed","template":"","meta":{"om_disable_all_campaigns":false,"neve_meta_sidebar":"","neve_meta_container":"","neve_meta_enable_content_width":"off","neve_meta_content_width":100,"neve_meta_title_alignment":"","neve_meta_author_avatar":"","neve_post_elements_order":"","neve_meta_disable_header":"","neve_meta_disable_footer":"","neve_meta_disable_title":"","_themeisle_gutenberg_block_has_review":false,"jetpack_post_was_ever_published":false,"jetpack_publicize_message":"","jetpack_publicize_feature_enabled":true,"jetpack_social_post_already_shared":false,"jetpack_social_options":{"image_generator_settings":{"template":"highway","default_image_id":0,"font":"","enabled":false},"version":2}},"product_brand":[],"product_cat":[53,35],"product_tag":[121,146,113],"class_list":{"0":"post-1044","1":"product","2":"type-product","3":"status-publish","4":"has-post-thumbnail","6":"product_cat-25ans-prints","7":"product_cat-edition-libre","8":"product_tag-interieur","9":"product_tag-modele-anne","10":"product_tag-noir-blanc","11":"product_shipping_class-livraison-carte","13":"first","14":"instock","15":"shipping-taxable","16":"purchasable","17":"product-type-simple"},"yoast_head":"<!-- This site is optimized with the Yoast SEO plugin v27.5 - https:\/\/yoast.com\/product\/yoast-seo-wordpress\/ -->\n<title>25ans d&#039;EllE (page157) - Christophe VERMARE<\/title>\n<meta name=\"robots\" content=\"index, follow, max-snippet:-1, max-image-preview:large, max-video-preview:-1\" \/>\n<link rel=\"canonical\" href=\"https:\/\/christophevermare.com\/eshop\/produit\/25ans-delle-page-157\/\" \/>\n<meta property=\"og:locale\" content=\"fr_FR\" \/>\n<meta property=\"og:type\" content=\"article\" \/>\n<meta property=\"og:title\" content=\"25ans d&#039;EllE (page157) - Christophe VERMARE\" \/>\n<meta property=\"og:description\" content=\"25\u00a0d&#039;EllE: une s\u00e9lection intimiste avec des tirages 24cm x 18cm de photographies issues du livre\u00a0&quot;Ses cheveux dans mes yeux&quot;  Tirage 24x18 (cm) non num\u00e9rot\u00e9, r\u00e9alis\u00e9 et sign\u00e9 par le photographe.\" \/>\n<meta property=\"og:url\" content=\"https:\/\/christophevermare.com\/eshop\/produit\/25ans-delle-page-157\/\" \/>\n<meta property=\"og:site_name\" content=\"Christophe VERMARE\" \/>\n<meta property=\"article:publisher\" content=\"https:\/\/www.facebook.com\/profile.php?id=100087230700633\" \/>\n<meta property=\"article:modified_time\" content=\"2022-10-10T15:48:44+00:00\" \/>\n<meta property=\"og:image\" content=\"https:\/\/i0.wp.com\/christophevermare.com\/eshop\/wp-content\/uploads\/2022\/10\/CV_DigNeg_K3418-M160721-M160721_bis.jpg?fit=640%2C640&ssl=1\" \/>\n\t<meta property=\"og:image:width\" content=\"640\" \/>\n\t<meta property=\"og:image:height\" content=\"640\" \/>\n\t<meta property=\"og:image:type\" content=\"image\/jpeg\" \/>\n<meta name=\"twitter:card\" content=\"summary_large_image\" \/>\n<meta name=\"twitter:label1\" content=\"Dur\u00e9e de lecture estim\u00e9e\" \/>\n\t<meta name=\"twitter:data1\" content=\"1 minute\" \/>\n<script type=\"application\/ld+json\" class=\"yoast-schema-graph\">{\"@context\":\"https:\\\/\\\/schema.org\",\"@graph\":[{\"@type\":\"WebPage\",\"@id\":\"https:\\\/\\\/christophevermare.com\\\/eshop\\\/produit\\\/25ans-delle-page-157\\\/\",\"url\":\"https:\\\/\\\/christophevermare.com\\\/eshop\\\/produit\\\/25ans-delle-page-157\\\/\",\"name\":\"25ans d'EllE (page157) - Christophe VERMARE\",\"isPartOf\":{\"@id\":\"https:\\\/\\\/christophevermare.com\\\/eshop\\\/#website\"},\"primaryImageOfPage\":{\"@id\":\"https:\\\/\\\/christophevermare.com\\\/eshop\\\/produit\\\/25ans-delle-page-157\\\/#primaryimage\"},\"image\":{\"@id\":\"https:\\\/\\\/christophevermare.com\\\/eshop\\\/produit\\\/25ans-delle-page-157\\\/#primaryimage\"},\"thumbnailUrl\":\"https:\\\/\\\/i0.wp.com\\\/christophevermare.com\\\/eshop\\\/wp-content\\\/uploads\\\/2022\\\/10\\\/CV_DigNeg_K3418-M160721-M160721_bis.jpg?fit=640%2C640&ssl=1\",\"datePublished\":\"2022-10-10T15:47:53+00:00\",\"dateModified\":\"2022-10-10T15:48:44+00:00\",\"breadcrumb\":{\"@id\":\"https:\\\/\\\/christophevermare.com\\\/eshop\\\/produit\\\/25ans-delle-page-157\\\/#breadcrumb\"},\"inLanguage\":\"fr-FR\",\"potentialAction\":[{\"@type\":\"ReadAction\",\"target\":[\"https:\\\/\\\/christophevermare.com\\\/eshop\\\/produit\\\/25ans-delle-page-157\\\/\"]}]},{\"@type\":\"ImageObject\",\"inLanguage\":\"fr-FR\",\"@id\":\"https:\\\/\\\/christophevermare.com\\\/eshop\\\/produit\\\/25ans-delle-page-157\\\/#primaryimage\",\"url\":\"https:\\\/\\\/i0.wp.com\\\/christophevermare.com\\\/eshop\\\/wp-content\\\/uploads\\\/2022\\\/10\\\/CV_DigNeg_K3418-M160721-M160721_bis.jpg?fit=640%2C640&ssl=1\",\"contentUrl\":\"https:\\\/\\\/i0.wp.com\\\/christophevermare.com\\\/eshop\\\/wp-content\\\/uploads\\\/2022\\\/10\\\/CV_DigNeg_K3418-M160721-M160721_bis.jpg?fit=640%2C640&ssl=1\",\"width\":640,\"height\":640},{\"@type\":\"BreadcrumbList\",\"@id\":\"https:\\\/\\\/christophevermare.com\\\/eshop\\\/produit\\\/25ans-delle-page-157\\\/#breadcrumb\",\"itemListElement\":[{\"@type\":\"ListItem\",\"position\":1,\"name\":\"Accueil\",\"item\":\"https:\\\/\\\/christophevermare.com\\\/eshop\\\/\"},{\"@type\":\"ListItem\",\"position\":2,\"name\":\"e-SHOP\",\"item\":\"https:\\\/\\\/christophevermare.com\\\/eshop\\\/\"},{\"@type\":\"ListItem\",\"position\":3,\"name\":\"25ans d&rsquo;EllE (page157)\"}]},{\"@type\":\"WebSite\",\"@id\":\"https:\\\/\\\/christophevermare.com\\\/eshop\\\/#website\",\"url\":\"https:\\\/\\\/christophevermare.com\\\/eshop\\\/\",\"name\":\"Christophe VERMARE\",\"description\":\"photographe auteur\",\"publisher\":{\"@id\":\"https:\\\/\\\/christophevermare.com\\\/eshop\\\/#\\\/schema\\\/person\\\/9c81c766d6a8a93bcfeaedecef3c7067\"},\"potentialAction\":[{\"@type\":\"SearchAction\",\"target\":{\"@type\":\"EntryPoint\",\"urlTemplate\":\"https:\\\/\\\/christophevermare.com\\\/eshop\\\/?s={search_term_string}\"},\"query-input\":{\"@type\":\"PropertyValueSpecification\",\"valueRequired\":true,\"valueName\":\"search_term_string\"}}],\"inLanguage\":\"fr-FR\"},{\"@type\":[\"Person\",\"Organization\"],\"@id\":\"https:\\\/\\\/christophevermare.com\\\/eshop\\\/#\\\/schema\\\/person\\\/9c81c766d6a8a93bcfeaedecef3c7067\",\"name\":\"christophe\",\"image\":{\"@type\":\"ImageObject\",\"inLanguage\":\"fr-FR\",\"@id\":\"https:\\\/\\\/i0.wp.com\\\/christophevermare.com\\\/eshop\\\/wp-content\\\/uploads\\\/2022\\\/10\\\/ChV_infinity_logo_H30mm.png?fit=354%2C170&ssl=1\",\"url\":\"https:\\\/\\\/i0.wp.com\\\/christophevermare.com\\\/eshop\\\/wp-content\\\/uploads\\\/2022\\\/10\\\/ChV_infinity_logo_H30mm.png?fit=354%2C170&ssl=1\",\"contentUrl\":\"https:\\\/\\\/i0.wp.com\\\/christophevermare.com\\\/eshop\\\/wp-content\\\/uploads\\\/2022\\\/10\\\/ChV_infinity_logo_H30mm.png?fit=354%2C170&ssl=1\",\"width\":354,\"height\":170,\"caption\":\"christophe\"},\"logo\":{\"@id\":\"https:\\\/\\\/i0.wp.com\\\/christophevermare.com\\\/eshop\\\/wp-content\\\/uploads\\\/2022\\\/10\\\/ChV_infinity_logo_H30mm.png?fit=354%2C170&ssl=1\"},\"description\":\"https:\\\/\\\/www.christophevermare.com\\\/src\\\/\",\"sameAs\":[\"https:\\\/\\\/www.christophevermare.com\\\/test_wordpress\\\/\",\"https:\\\/\\\/www.facebook.com\\\/profile.php?id=100087230700633\",\"https:\\\/\\\/www.instagram.com\\\/christophe.vermare\\\/\"]}]}<\/script>\n<!-- \/ Yoast SEO plugin. -->","yoast_head_json":{"title":"25ans d'EllE (page157) - Christophe VERMARE","robots":{"index":"index","follow":"follow","max-snippet":"max-snippet:-1","max-image-preview":"max-image-preview:large","max-video-preview":"max-video-preview:-1"},"canonical":"https:\/\/christophevermare.com\/eshop\/produit\/25ans-delle-page-157\/","og_locale":"fr_FR","og_type":"article","og_title":"25ans d'EllE (page157) - Christophe VERMARE","og_description":"25\u00a0d'EllE: une s\u00e9lection intimiste avec des tirages 24cm x 18cm de photographies issues du livre\u00a0\"Ses cheveux dans mes yeux\"  Tirage 24x18 (cm) non num\u00e9rot\u00e9, r\u00e9alis\u00e9 et sign\u00e9 par le photographe.","og_url":"https:\/\/christophevermare.com\/eshop\/produit\/25ans-delle-page-157\/","og_site_name":"Christophe VERMARE","article_publisher":"https:\/\/www.facebook.com\/profile.php?id=100087230700633","article_modified_time":"2022-10-10T15:48:44+00:00","og_image":[{"width":640,"height":640,"url":"https:\/\/i0.wp.com\/christophevermare.com\/eshop\/wp-content\/uploads\/2022\/10\/CV_DigNeg_K3418-M160721-M160721_bis.jpg?fit=640%2C640&ssl=1","type":"image\/jpeg"}],"twitter_card":"summary_large_image","twitter_misc":{"Dur\u00e9e de lecture estim\u00e9e":"1 minute"},"schema":{"@context":"https:\/\/schema.org","@graph":[{"@type":"WebPage","@id":"https:\/\/christophevermare.com\/eshop\/produit\/25ans-delle-page-157\/","url":"https:\/\/christophevermare.com\/eshop\/produit\/25ans-delle-page-157\/","name":"25ans d'EllE (page157) - Christophe VERMARE","isPartOf":{"@id":"https:\/\/christophevermare.com\/eshop\/#website"},"primaryImageOfPage":{"@id":"https:\/\/christophevermare.com\/eshop\/produit\/25ans-delle-page-157\/#primaryimage"},"image":{"@id":"https:\/\/christophevermare.com\/eshop\/produit\/25ans-delle-page-157\/#primaryimage"},"thumbnailUrl":"https:\/\/i0.wp.com\/christophevermare.com\/eshop\/wp-content\/uploads\/2022\/10\/CV_DigNeg_K3418-M160721-M160721_bis.jpg?fit=640%2C640&ssl=1","datePublished":"2022-10-10T15:47:53+00:00","dateModified":"2022-10-10T15:48:44+00:00","breadcrumb":{"@id":"https:\/\/christophevermare.com\/eshop\/produit\/25ans-delle-page-157\/#breadcrumb"},"inLanguage":"fr-FR","potentialAction":[{"@type":"ReadAction","target":["https:\/\/christophevermare.com\/eshop\/produit\/25ans-delle-page-157\/"]}]},{"@type":"ImageObject","inLanguage":"fr-FR","@id":"https:\/\/christophevermare.com\/eshop\/produit\/25ans-delle-page-157\/#primaryimage","url":"https:\/\/i0.wp.com\/christophevermare.com\/eshop\/wp-content\/uploads\/2022\/10\/CV_DigNeg_K3418-M160721-M160721_bis.jpg?fit=640%2C640&ssl=1","contentUrl":"https:\/\/i0.wp.com\/christophevermare.com\/eshop\/wp-content\/uploads\/2022\/10\/CV_DigNeg_K3418-M160721-M160721_bis.jpg?fit=640%2C640&ssl=1","width":640,"height":640},{"@type":"BreadcrumbList","@id":"https:\/\/christophevermare.com\/eshop\/produit\/25ans-delle-page-157\/#breadcrumb","itemListElement":[{"@type":"ListItem","position":1,"name":"Accueil","item":"https:\/\/christophevermare.com\/eshop\/"},{"@type":"ListItem","position":2,"name":"e-SHOP","item":"https:\/\/christophevermare.com\/eshop\/"},{"@type":"ListItem","position":3,"name":"25ans d&rsquo;EllE (page157)"}]},{"@type":"WebSite","@id":"https:\/\/christophevermare.com\/eshop\/#website","url":"https:\/\/christophevermare.com\/eshop\/","name":"Christophe VERMARE","description":"photographe auteur","publisher":{"@id":"https:\/\/christophevermare.com\/eshop\/#\/schema\/person\/9c81c766d6a8a93bcfeaedecef3c7067"},"potentialAction":[{"@type":"SearchAction","target":{"@type":"EntryPoint","urlTemplate":"https:\/\/christophevermare.com\/eshop\/?s={search_term_string}"},"query-input":{"@type":"PropertyValueSpecification","valueRequired":true,"valueName":"search_term_string"}}],"inLanguage":"fr-FR"},{"@type":["Person","Organization"],"@id":"https:\/\/christophevermare.com\/eshop\/#\/schema\/person\/9c81c766d6a8a93bcfeaedecef3c7067","name":"christophe","image":{"@type":"ImageObject","inLanguage":"fr-FR","@id":"https:\/\/i0.wp.com\/christophevermare.com\/eshop\/wp-content\/uploads\/2022\/10\/ChV_infinity_logo_H30mm.png?fit=354%2C170&ssl=1","url":"https:\/\/i0.wp.com\/christophevermare.com\/eshop\/wp-content\/uploads\/2022\/10\/ChV_infinity_logo_H30mm.png?fit=354%2C170&ssl=1","contentUrl":"https:\/\/i0.wp.com\/christophevermare.com\/eshop\/wp-content\/uploads\/2022\/10\/ChV_infinity_logo_H30mm.png?fit=354%2C170&ssl=1","width":354,"height":170,"caption":"christophe"},"logo":{"@id":"https:\/\/i0.wp.com\/christophevermare.com\/eshop\/wp-content\/uploads\/2022\/10\/ChV_infinity_logo_H30mm.png?fit=354%2C170&ssl=1"},"description":"https:\/\/www.christophevermare.com\/src\/","sameAs":["https:\/\/www.christophevermare.com\/test_wordpress\/","https:\/\/www.facebook.com\/profile.php?id=100087230700633","https:\/\/www.instagram.com\/christophe.vermare\/"]}]}},"jetpack_publicize_connections":[],"jetpack_sharing_enabled":true,"_links":{"self":[{"href":"https:\/\/christophevermare.com\/eshop\/wp-json\/wp\/v2\/product\/1044","targetHints":{"allow":["GET"]}}],"collection":[{"href":"https:\/\/christophevermare.com\/eshop\/wp-json\/wp\/v2\/product"}],"about":[{"href":"https:\/\/christophevermare.com\/eshop\/wp-json\/wp\/v2\/types\/product"}],"replies":[{"embeddable":true,"href":"https:\/\/christophevermare.com\/eshop\/wp-json\/wp\/v2\/comments?post=1044"}],"wp:featuredmedia":[{"embeddable":true,"href":"https:\/\/christophevermare.com\/eshop\/wp-json\/wp\/v2\/media\/736"}],"wp:attachment":[{"href":"https:\/\/christophevermare.com\/eshop\/wp-json\/wp\/v2\/media?parent=1044"}],"wp:term":[{"taxonomy":"product_brand","embeddable":true,"href":"https:\/\/christophevermare.com\/eshop\/wp-json\/wp\/v2\/product_brand?post=1044"},{"taxonomy":"product_cat","embeddable":true,"href":"https:\/\/christophevermare.com\/eshop\/wp-json\/wp\/v2\/product_cat?post=1044"},{"taxonomy":"product_tag","embeddable":true,"href":"https:\/\/christophevermare.com\/eshop\/wp-json\/wp\/v2\/product_tag?post=1044"}],"curies":[{"name":"wp","href":"https:\/\/api.w.org\/{rel}","templated":true}]}}