{"id":1223,"date":"2022-10-13T15:15:36","date_gmt":"2022-10-13T13:15:36","guid":{"rendered":"https:\/\/www.christophevermare.com\/test_wordpress\/?post_type=product&#038;p=1223"},"modified":"2022-10-13T15:17:33","modified_gmt":"2022-10-13T13:17:33","slug":"ogenes-dg-m3927","status":"publish","type":"product","link":"https:\/\/christophevermare.com\/eshop\/produit\/ogenes-dg-m3927\/","title":{"rendered":"O&rsquo;G\u00e8nes (DG-M3927)"},"content":{"rendered":"<p>Exemplaire num\u00e9rot\u00e9 de la photographie s\u00e9lectionn\u00e9e de la s\u00e9rie \u00ab\u00a0O&rsquo;G\u00e8nes\u00a0\u00bb<\/p>\n<p>S\u00e9rie limit\u00e9e \u00e0 30 exemplaires (tous supports et toutes dimensions confondus).<\/p>\n<p>Veuillez choisir le support de votre choix:<\/p>\n<ul>\n<li>tirage d&rsquo;Art (DIGIGRAPHIE), ou<\/li>\n<li>montage en caisson lumineux (recommand\u00e9),<\/li>\n<\/ul>\n<p>et les dimensions souhait\u00e9es.<\/p>\n","protected":false},"excerpt":{"rendered":"<p>Photographie de la s\u00e9rie \u00ab\u00a0O&rsquo;g\u00e8nes\u00a0\u00bb<\/p>\n<p>S\u00e9lection retenue pour le <a href=\"https:\/\/www.fepn-arles.com\/christophe-vermare\">Festival Europ\u00e9en de la Photo de Nu 2022<\/a> &#8211; Arles, France.<\/p>\n<p>&nbsp;<\/p>\n","protected":false},"featured_media":1204,"comment_status":"open","ping_status":"closed","template":"","meta":{"om_disable_all_campaigns":false,"neve_meta_sidebar":"","neve_meta_container":"","neve_meta_enable_content_width":"off","neve_meta_content_width":100,"neve_meta_title_alignment":"","neve_meta_author_avatar":"","neve_post_elements_order":"","neve_meta_disable_header":"","neve_meta_disable_footer":"","neve_meta_disable_title":"","_themeisle_gutenberg_block_has_review":false,"jetpack_post_was_ever_published":false,"jetpack_publicize_message":"","jetpack_publicize_feature_enabled":true,"jetpack_social_post_already_shared":false,"jetpack_social_options":{"image_generator_settings":{"template":"highway","default_image_id":0,"font":"","enabled":false},"version":2}},"product_brand":[],"product_cat":[39,49],"product_tag":[119,114,146,113,120,138],"class_list":{"0":"post-1223","1":"product","2":"type-product","3":"status-publish","4":"has-post-thumbnail","6":"product_cat-photographie-edition","7":"product_cat-ogenes","8":"product_tag-eau","9":"product_tag-format-carre","10":"product_tag-modele-anne","11":"product_tag-noir-blanc","12":"product_tag-ocean","13":"product_tag-sous-la-surface","15":"first","16":"instock","17":"sold-individually","18":"shipping-taxable","19":"purchasable","20":"product-type-variable"},"yoast_head":"<!-- This site is optimized with the Yoast SEO plugin v27.5 - https:\/\/yoast.com\/product\/yoast-seo-wordpress\/ -->\n<title>O&#039;G\u00e8nes (DG-M3927) - Christophe VERMARE<\/title>\n<meta name=\"robots\" content=\"index, follow, max-snippet:-1, max-image-preview:large, max-video-preview:-1\" \/>\n<link rel=\"canonical\" href=\"https:\/\/christophevermare.com\/eshop\/produit\/ogenes-dg-m3927\/\" \/>\n<meta property=\"og:locale\" content=\"fr_FR\" \/>\n<meta property=\"og:type\" content=\"article\" \/>\n<meta property=\"og:title\" content=\"O&#039;G\u00e8nes (DG-M3927) - Christophe VERMARE\" \/>\n<meta property=\"og:description\" content=\"Photographie de la s\u00e9rie &quot;O&#039;g\u00e8nes&quot;  S\u00e9lection retenue pour le Festival Europ\u00e9en de la Photo de Nu 2022 - Arles, France.  &nbsp;\" \/>\n<meta property=\"og:url\" content=\"https:\/\/christophevermare.com\/eshop\/produit\/ogenes-dg-m3927\/\" \/>\n<meta property=\"og:site_name\" content=\"Christophe VERMARE\" \/>\n<meta property=\"article:publisher\" content=\"https:\/\/www.facebook.com\/profile.php?id=100087230700633\" \/>\n<meta property=\"article:modified_time\" content=\"2022-10-13T13:17:33+00:00\" \/>\n<meta property=\"og:image\" content=\"https:\/\/i0.wp.com\/christophevermare.com\/eshop\/wp-content\/uploads\/2022\/10\/CV_DigNeg_M3927-Mod2019_1024.jpg?fit=683%2C1024&ssl=1\" \/>\n\t<meta property=\"og:image:width\" content=\"683\" \/>\n\t<meta property=\"og:image:height\" content=\"1024\" \/>\n\t<meta property=\"og:image:type\" content=\"image\/jpeg\" \/>\n<meta name=\"twitter:card\" content=\"summary_large_image\" \/>\n<meta name=\"twitter:label1\" content=\"Dur\u00e9e de lecture estim\u00e9e\" \/>\n\t<meta name=\"twitter:data1\" content=\"1 minute\" \/>\n<script type=\"application\/ld+json\" class=\"yoast-schema-graph\">{\"@context\":\"https:\\\/\\\/schema.org\",\"@graph\":[{\"@type\":\"WebPage\",\"@id\":\"https:\\\/\\\/christophevermare.com\\\/eshop\\\/produit\\\/ogenes-dg-m3927\\\/\",\"url\":\"https:\\\/\\\/christophevermare.com\\\/eshop\\\/produit\\\/ogenes-dg-m3927\\\/\",\"name\":\"O'G\u00e8nes (DG-M3927) - Christophe VERMARE\",\"isPartOf\":{\"@id\":\"https:\\\/\\\/christophevermare.com\\\/eshop\\\/#website\"},\"primaryImageOfPage\":{\"@id\":\"https:\\\/\\\/christophevermare.com\\\/eshop\\\/produit\\\/ogenes-dg-m3927\\\/#primaryimage\"},\"image\":{\"@id\":\"https:\\\/\\\/christophevermare.com\\\/eshop\\\/produit\\\/ogenes-dg-m3927\\\/#primaryimage\"},\"thumbnailUrl\":\"https:\\\/\\\/i0.wp.com\\\/christophevermare.com\\\/eshop\\\/wp-content\\\/uploads\\\/2022\\\/10\\\/CV_DigNeg_M3927-Mod2019_1024.jpg?fit=683%2C1024&ssl=1\",\"datePublished\":\"2022-10-13T13:15:36+00:00\",\"dateModified\":\"2022-10-13T13:17:33+00:00\",\"breadcrumb\":{\"@id\":\"https:\\\/\\\/christophevermare.com\\\/eshop\\\/produit\\\/ogenes-dg-m3927\\\/#breadcrumb\"},\"inLanguage\":\"fr-FR\",\"potentialAction\":[{\"@type\":\"ReadAction\",\"target\":[\"https:\\\/\\\/christophevermare.com\\\/eshop\\\/produit\\\/ogenes-dg-m3927\\\/\"]}]},{\"@type\":\"ImageObject\",\"inLanguage\":\"fr-FR\",\"@id\":\"https:\\\/\\\/christophevermare.com\\\/eshop\\\/produit\\\/ogenes-dg-m3927\\\/#primaryimage\",\"url\":\"https:\\\/\\\/i0.wp.com\\\/christophevermare.com\\\/eshop\\\/wp-content\\\/uploads\\\/2022\\\/10\\\/CV_DigNeg_M3927-Mod2019_1024.jpg?fit=683%2C1024&ssl=1\",\"contentUrl\":\"https:\\\/\\\/i0.wp.com\\\/christophevermare.com\\\/eshop\\\/wp-content\\\/uploads\\\/2022\\\/10\\\/CV_DigNeg_M3927-Mod2019_1024.jpg?fit=683%2C1024&ssl=1\",\"width\":683,\"height\":1024},{\"@type\":\"BreadcrumbList\",\"@id\":\"https:\\\/\\\/christophevermare.com\\\/eshop\\\/produit\\\/ogenes-dg-m3927\\\/#breadcrumb\",\"itemListElement\":[{\"@type\":\"ListItem\",\"position\":1,\"name\":\"Accueil\",\"item\":\"https:\\\/\\\/christophevermare.com\\\/eshop\\\/\"},{\"@type\":\"ListItem\",\"position\":2,\"name\":\"e-SHOP\",\"item\":\"https:\\\/\\\/christophevermare.com\\\/eshop\\\/\"},{\"@type\":\"ListItem\",\"position\":3,\"name\":\"O&rsquo;G\u00e8nes (DG-M3927)\"}]},{\"@type\":\"WebSite\",\"@id\":\"https:\\\/\\\/christophevermare.com\\\/eshop\\\/#website\",\"url\":\"https:\\\/\\\/christophevermare.com\\\/eshop\\\/\",\"name\":\"Christophe VERMARE\",\"description\":\"photographe auteur\",\"publisher\":{\"@id\":\"https:\\\/\\\/christophevermare.com\\\/eshop\\\/#\\\/schema\\\/person\\\/9c81c766d6a8a93bcfeaedecef3c7067\"},\"potentialAction\":[{\"@type\":\"SearchAction\",\"target\":{\"@type\":\"EntryPoint\",\"urlTemplate\":\"https:\\\/\\\/christophevermare.com\\\/eshop\\\/?s={search_term_string}\"},\"query-input\":{\"@type\":\"PropertyValueSpecification\",\"valueRequired\":true,\"valueName\":\"search_term_string\"}}],\"inLanguage\":\"fr-FR\"},{\"@type\":[\"Person\",\"Organization\"],\"@id\":\"https:\\\/\\\/christophevermare.com\\\/eshop\\\/#\\\/schema\\\/person\\\/9c81c766d6a8a93bcfeaedecef3c7067\",\"name\":\"christophe\",\"image\":{\"@type\":\"ImageObject\",\"inLanguage\":\"fr-FR\",\"@id\":\"https:\\\/\\\/i0.wp.com\\\/christophevermare.com\\\/eshop\\\/wp-content\\\/uploads\\\/2022\\\/10\\\/ChV_infinity_logo_H30mm.png?fit=354%2C170&ssl=1\",\"url\":\"https:\\\/\\\/i0.wp.com\\\/christophevermare.com\\\/eshop\\\/wp-content\\\/uploads\\\/2022\\\/10\\\/ChV_infinity_logo_H30mm.png?fit=354%2C170&ssl=1\",\"contentUrl\":\"https:\\\/\\\/i0.wp.com\\\/christophevermare.com\\\/eshop\\\/wp-content\\\/uploads\\\/2022\\\/10\\\/ChV_infinity_logo_H30mm.png?fit=354%2C170&ssl=1\",\"width\":354,\"height\":170,\"caption\":\"christophe\"},\"logo\":{\"@id\":\"https:\\\/\\\/i0.wp.com\\\/christophevermare.com\\\/eshop\\\/wp-content\\\/uploads\\\/2022\\\/10\\\/ChV_infinity_logo_H30mm.png?fit=354%2C170&ssl=1\"},\"description\":\"https:\\\/\\\/www.christophevermare.com\\\/src\\\/\",\"sameAs\":[\"https:\\\/\\\/www.christophevermare.com\\\/test_wordpress\\\/\",\"https:\\\/\\\/www.facebook.com\\\/profile.php?id=100087230700633\",\"https:\\\/\\\/www.instagram.com\\\/christophe.vermare\\\/\"]}]}<\/script>\n<!-- \/ Yoast SEO plugin. -->","yoast_head_json":{"title":"O'G\u00e8nes (DG-M3927) - Christophe VERMARE","robots":{"index":"index","follow":"follow","max-snippet":"max-snippet:-1","max-image-preview":"max-image-preview:large","max-video-preview":"max-video-preview:-1"},"canonical":"https:\/\/christophevermare.com\/eshop\/produit\/ogenes-dg-m3927\/","og_locale":"fr_FR","og_type":"article","og_title":"O'G\u00e8nes (DG-M3927) - Christophe VERMARE","og_description":"Photographie de la s\u00e9rie \"O'g\u00e8nes\"  S\u00e9lection retenue pour le Festival Europ\u00e9en de la Photo de Nu 2022 - Arles, France.  &nbsp;","og_url":"https:\/\/christophevermare.com\/eshop\/produit\/ogenes-dg-m3927\/","og_site_name":"Christophe VERMARE","article_publisher":"https:\/\/www.facebook.com\/profile.php?id=100087230700633","article_modified_time":"2022-10-13T13:17:33+00:00","og_image":[{"width":683,"height":1024,"url":"https:\/\/i0.wp.com\/christophevermare.com\/eshop\/wp-content\/uploads\/2022\/10\/CV_DigNeg_M3927-Mod2019_1024.jpg?fit=683%2C1024&ssl=1","type":"image\/jpeg"}],"twitter_card":"summary_large_image","twitter_misc":{"Dur\u00e9e de lecture estim\u00e9e":"1 minute"},"schema":{"@context":"https:\/\/schema.org","@graph":[{"@type":"WebPage","@id":"https:\/\/christophevermare.com\/eshop\/produit\/ogenes-dg-m3927\/","url":"https:\/\/christophevermare.com\/eshop\/produit\/ogenes-dg-m3927\/","name":"O'G\u00e8nes (DG-M3927) - Christophe VERMARE","isPartOf":{"@id":"https:\/\/christophevermare.com\/eshop\/#website"},"primaryImageOfPage":{"@id":"https:\/\/christophevermare.com\/eshop\/produit\/ogenes-dg-m3927\/#primaryimage"},"image":{"@id":"https:\/\/christophevermare.com\/eshop\/produit\/ogenes-dg-m3927\/#primaryimage"},"thumbnailUrl":"https:\/\/i0.wp.com\/christophevermare.com\/eshop\/wp-content\/uploads\/2022\/10\/CV_DigNeg_M3927-Mod2019_1024.jpg?fit=683%2C1024&ssl=1","datePublished":"2022-10-13T13:15:36+00:00","dateModified":"2022-10-13T13:17:33+00:00","breadcrumb":{"@id":"https:\/\/christophevermare.com\/eshop\/produit\/ogenes-dg-m3927\/#breadcrumb"},"inLanguage":"fr-FR","potentialAction":[{"@type":"ReadAction","target":["https:\/\/christophevermare.com\/eshop\/produit\/ogenes-dg-m3927\/"]}]},{"@type":"ImageObject","inLanguage":"fr-FR","@id":"https:\/\/christophevermare.com\/eshop\/produit\/ogenes-dg-m3927\/#primaryimage","url":"https:\/\/i0.wp.com\/christophevermare.com\/eshop\/wp-content\/uploads\/2022\/10\/CV_DigNeg_M3927-Mod2019_1024.jpg?fit=683%2C1024&ssl=1","contentUrl":"https:\/\/i0.wp.com\/christophevermare.com\/eshop\/wp-content\/uploads\/2022\/10\/CV_DigNeg_M3927-Mod2019_1024.jpg?fit=683%2C1024&ssl=1","width":683,"height":1024},{"@type":"BreadcrumbList","@id":"https:\/\/christophevermare.com\/eshop\/produit\/ogenes-dg-m3927\/#breadcrumb","itemListElement":[{"@type":"ListItem","position":1,"name":"Accueil","item":"https:\/\/christophevermare.com\/eshop\/"},{"@type":"ListItem","position":2,"name":"e-SHOP","item":"https:\/\/christophevermare.com\/eshop\/"},{"@type":"ListItem","position":3,"name":"O&rsquo;G\u00e8nes (DG-M3927)"}]},{"@type":"WebSite","@id":"https:\/\/christophevermare.com\/eshop\/#website","url":"https:\/\/christophevermare.com\/eshop\/","name":"Christophe VERMARE","description":"photographe auteur","publisher":{"@id":"https:\/\/christophevermare.com\/eshop\/#\/schema\/person\/9c81c766d6a8a93bcfeaedecef3c7067"},"potentialAction":[{"@type":"SearchAction","target":{"@type":"EntryPoint","urlTemplate":"https:\/\/christophevermare.com\/eshop\/?s={search_term_string}"},"query-input":{"@type":"PropertyValueSpecification","valueRequired":true,"valueName":"search_term_string"}}],"inLanguage":"fr-FR"},{"@type":["Person","Organization"],"@id":"https:\/\/christophevermare.com\/eshop\/#\/schema\/person\/9c81c766d6a8a93bcfeaedecef3c7067","name":"christophe","image":{"@type":"ImageObject","inLanguage":"fr-FR","@id":"https:\/\/i0.wp.com\/christophevermare.com\/eshop\/wp-content\/uploads\/2022\/10\/ChV_infinity_logo_H30mm.png?fit=354%2C170&ssl=1","url":"https:\/\/i0.wp.com\/christophevermare.com\/eshop\/wp-content\/uploads\/2022\/10\/ChV_infinity_logo_H30mm.png?fit=354%2C170&ssl=1","contentUrl":"https:\/\/i0.wp.com\/christophevermare.com\/eshop\/wp-content\/uploads\/2022\/10\/ChV_infinity_logo_H30mm.png?fit=354%2C170&ssl=1","width":354,"height":170,"caption":"christophe"},"logo":{"@id":"https:\/\/i0.wp.com\/christophevermare.com\/eshop\/wp-content\/uploads\/2022\/10\/ChV_infinity_logo_H30mm.png?fit=354%2C170&ssl=1"},"description":"https:\/\/www.christophevermare.com\/src\/","sameAs":["https:\/\/www.christophevermare.com\/test_wordpress\/","https:\/\/www.facebook.com\/profile.php?id=100087230700633","https:\/\/www.instagram.com\/christophe.vermare\/"]}]}},"jetpack_publicize_connections":[],"jetpack_sharing_enabled":true,"_links":{"self":[{"href":"https:\/\/christophevermare.com\/eshop\/wp-json\/wp\/v2\/product\/1223","targetHints":{"allow":["GET"]}}],"collection":[{"href":"https:\/\/christophevermare.com\/eshop\/wp-json\/wp\/v2\/product"}],"about":[{"href":"https:\/\/christophevermare.com\/eshop\/wp-json\/wp\/v2\/types\/product"}],"replies":[{"embeddable":true,"href":"https:\/\/christophevermare.com\/eshop\/wp-json\/wp\/v2\/comments?post=1223"}],"wp:featuredmedia":[{"embeddable":true,"href":"https:\/\/christophevermare.com\/eshop\/wp-json\/wp\/v2\/media\/1204"}],"wp:attachment":[{"href":"https:\/\/christophevermare.com\/eshop\/wp-json\/wp\/v2\/media?parent=1223"}],"wp:term":[{"taxonomy":"product_brand","embeddable":true,"href":"https:\/\/christophevermare.com\/eshop\/wp-json\/wp\/v2\/product_brand?post=1223"},{"taxonomy":"product_cat","embeddable":true,"href":"https:\/\/christophevermare.com\/eshop\/wp-json\/wp\/v2\/product_cat?post=1223"},{"taxonomy":"product_tag","embeddable":true,"href":"https:\/\/christophevermare.com\/eshop\/wp-json\/wp\/v2\/product_tag?post=1223"}],"curies":[{"name":"wp","href":"https:\/\/api.w.org\/{rel}","templated":true}]}}